{"id":1297,"date":"2021-04-27T20:44:12","date_gmt":"2021-04-27T17:44:12","guid":{"rendered":"https:\/\/grillhouse.lv\/veikals\/?post_type=product&#038;p=1297"},"modified":"2025-04-05T11:26:01","modified_gmt":"2025-04-05T08:26:01","slug":"minichef-parvalks","status":"publish","type":"product","link":"https:\/\/grillhouse.lv\/veikals\/products\/minichef-parvalks\/","title":{"rendered":"Minichef p\u0101rvalks"},"content":{"rendered":"<p>Piem\u0113rots: P-420 G MINICHEF, P-420 E MINICHEF<br \/>\nMateri\u0101ls: poliesters, poliuret\u0101ns<br \/>\nKr\u0101sa: melna<br \/>\nIzm\u0113ri cm: A 40,0 x P 52,0 x D 52,0<br \/>\nSvars: 0,2 kg<\/p>\n","protected":false},"excerpt":{"rendered":"<p>Aizsarg\u0101jiet savu b\u0101rbekj\u016b no putek\u013ciem, ziedputek\u0161\u0146iem, lietus, sniega un UV stariem. Katram modelim ir pieejams piem\u0113rots apvalks, kas izgatavots no iztur\u012bga un \u016bdensiztur\u012bga poliestera.<\/p>\n","protected":false},"featured_media":1298,"comment_status":"open","ping_status":"closed","template":"","meta":[],"pwb-brand":[164],"product_brand":[],"product_cat":[206],"product_tag":[205],"class_list":{"0":"post-1297","1":"product","2":"type-product","3":"status-publish","4":"has-post-thumbnail","6":"pwb-brand-outdoorchef","7":"product_cat-outdoorchef-parvalki","8":"product_tag-outdoorchef","9":"thunk-woo-product-list","10":"opn-qv-enable","11":"open-woo-hover-none","12":"open-single-product-tab-horizontal","13":"open-shadow-","14":"open-shadow-hover-","16":"first","17":"instock","18":"taxable","19":"shipping-taxable","20":"purchasable","21":"product-type-simple"},"jetpack-related-posts":[],"jetpack_sharing_enabled":true,"brands":[{"id":164,"name":"Outdoorchef","slug":"outdoorchef"}],"_links":{"self":[{"href":"https:\/\/grillhouse.lv\/veikals\/wp-json\/wp\/v2\/product\/1297","targetHints":{"allow":["GET"]}}],"collection":[{"href":"https:\/\/grillhouse.lv\/veikals\/wp-json\/wp\/v2\/product"}],"about":[{"href":"https:\/\/grillhouse.lv\/veikals\/wp-json\/wp\/v2\/types\/product"}],"replies":[{"embeddable":true,"href":"https:\/\/grillhouse.lv\/veikals\/wp-json\/wp\/v2\/comments?post=1297"}],"wp:featuredmedia":[{"embeddable":true,"href":"https:\/\/grillhouse.lv\/veikals\/wp-json\/wp\/v2\/media\/1298"}],"wp:attachment":[{"href":"https:\/\/grillhouse.lv\/veikals\/wp-json\/wp\/v2\/media?parent=1297"}],"wp:term":[{"taxonomy":"pwb-brand","embeddable":true,"href":"https:\/\/grillhouse.lv\/veikals\/wp-json\/wp\/v2\/pwb-brand?post=1297"},{"taxonomy":"product_brand","embeddable":true,"href":"https:\/\/grillhouse.lv\/veikals\/wp-json\/wp\/v2\/product_brand?post=1297"},{"taxonomy":"product_cat","embeddable":true,"href":"https:\/\/grillhouse.lv\/veikals\/wp-json\/wp\/v2\/product_cat?post=1297"},{"taxonomy":"product_tag","embeddable":true,"href":"https:\/\/grillhouse.lv\/veikals\/wp-json\/wp\/v2\/product_tag?post=1297"}],"curies":[{"name":"wp","href":"https:\/\/api.w.org\/{rel}","templated":true}]}}