{"id":1295,"date":"2021-04-27T20:37:37","date_gmt":"2021-04-27T17:37:37","guid":{"rendered":"https:\/\/grillhouse.lv\/veikals\/?post_type=product&#038;p=1295"},"modified":"2026-04-15T11:18:50","modified_gmt":"2026-04-15T08:18:50","slug":"chef-cleaner","status":"publish","type":"product","link":"https:\/\/grillhouse.lv\/veikals\/products\/chef-cleaner\/","title":{"rendered":"Chef Cleaner"},"content":{"rendered":"<p>Materi\u0101ls: plastmasas pudele<br \/>\nKr\u0101sa: za\u013ca \/ balta<br \/>\nIzm\u0113ri cm: P 8,0 x D 5,0 x A 28,0<br \/>\nSvars: 0,500 kg<\/p>\n","protected":false},"excerpt":{"rendered":"<p>Jaunais Chef Cleaner ir izcilas jaudas putas, lai not\u012br\u012btu visus grila iek\u0161pus\u0113 eso\u0161os komponentus. \u012apa\u0161\u0101 izsmidzin\u0101\u0161anas galva p\u0101rveido \u0161\u0137idrumu par putu, kas nov\u0113r\u0161 jebk\u0101du izsmidzin\u0101\u0161anas zudumu. Putas iz\u0161\u0137\u012bst p\u0113c 10 min\u016bt\u0113m, nor\u0101dot, ka p\u0113c tam j\u016bs varat s\u0101kt t\u012br\u012b\u0161anu. Jaunais Chef Cleaner ir iev\u0113rojami sp\u0113c\u012bg\u0101ks nek\u0101 parastie b\u0101rbekj\u016b t\u012br\u012b\u0161anas l\u012bdzek\u013ci, un tas padara garlaic\u012bgu t\u012br\u012b\u0161anu p\u0113c grila daudz viegl\u0101ku.<\/p>\n","protected":false},"featured_media":1296,"comment_status":"open","ping_status":"closed","template":"","meta":[],"pwb-brand":[164],"product_brand":[],"product_cat":[41,37],"product_tag":[205],"class_list":{"0":"post-1295","1":"product","2":"type-product","3":"status-publish","4":"has-post-thumbnail","6":"pwb-brand-outdoorchef","7":"product_cat-piederumi","8":"product_cat-tirisanas-lidzekli","9":"product_tag-outdoorchef","10":"thunk-woo-product-list","11":"opn-qv-enable","12":"open-woo-hover-none","13":"open-single-product-tab-horizontal","14":"open-shadow-","15":"open-shadow-hover-","17":"first","18":"instock","19":"taxable","20":"shipping-taxable","21":"purchasable","22":"product-type-simple"},"jetpack-related-posts":[],"jetpack_sharing_enabled":true,"brands":[{"id":164,"name":"Outdoorchef","slug":"outdoorchef"}],"_links":{"self":[{"href":"https:\/\/grillhouse.lv\/veikals\/wp-json\/wp\/v2\/product\/1295","targetHints":{"allow":["GET"]}}],"collection":[{"href":"https:\/\/grillhouse.lv\/veikals\/wp-json\/wp\/v2\/product"}],"about":[{"href":"https:\/\/grillhouse.lv\/veikals\/wp-json\/wp\/v2\/types\/product"}],"replies":[{"embeddable":true,"href":"https:\/\/grillhouse.lv\/veikals\/wp-json\/wp\/v2\/comments?post=1295"}],"wp:featuredmedia":[{"embeddable":true,"href":"https:\/\/grillhouse.lv\/veikals\/wp-json\/wp\/v2\/media\/1296"}],"wp:attachment":[{"href":"https:\/\/grillhouse.lv\/veikals\/wp-json\/wp\/v2\/media?parent=1295"}],"wp:term":[{"taxonomy":"pwb-brand","embeddable":true,"href":"https:\/\/grillhouse.lv\/veikals\/wp-json\/wp\/v2\/pwb-brand?post=1295"},{"taxonomy":"product_brand","embeddable":true,"href":"https:\/\/grillhouse.lv\/veikals\/wp-json\/wp\/v2\/product_brand?post=1295"},{"taxonomy":"product_cat","embeddable":true,"href":"https:\/\/grillhouse.lv\/veikals\/wp-json\/wp\/v2\/product_cat?post=1295"},{"taxonomy":"product_tag","embeddable":true,"href":"https:\/\/grillhouse.lv\/veikals\/wp-json\/wp\/v2\/product_tag?post=1295"}],"curies":[{"name":"wp","href":"https:\/\/api.w.org\/{rel}","templated":true}]}}