{"id":1293,"date":"2021-04-27T20:30:39","date_gmt":"2021-04-27T17:30:39","guid":{"rendered":"https:\/\/grillhouse.lv\/veikals\/?post_type=product&#038;p=1293"},"modified":"2025-04-05T11:25:45","modified_gmt":"2025-04-05T08:25:45","slug":"tirama-birste-2","status":"publish","type":"product","link":"https:\/\/grillhouse.lv\/veikals\/products\/tirama-birste-2\/","title":{"rendered":"T\u012br\u0101m\u0101 birste"},"content":{"rendered":"","protected":false},"excerpt":{"rendered":"<p>Gar\u0161 plastmasas rokturis tagad \u013cauj birsti satvert ar ab\u0101m rok\u0101m, lai ar to var\u0113tu t\u012br\u012bt. Papildus dubult\u0101s skavas roktura priek\u0161\u0101 nodro\u0161ina uzlabotu sa\u0137eri un stabilit\u0101ti.<\/p>\n","protected":false},"featured_media":1294,"comment_status":"open","ping_status":"closed","template":"","meta":[],"pwb-brand":[164],"product_brand":[],"product_cat":[41,37],"product_tag":[205],"class_list":{"0":"post-1293","1":"product","2":"type-product","3":"status-publish","4":"has-post-thumbnail","6":"pwb-brand-outdoorchef","7":"product_cat-piederumi","8":"product_cat-tirisanas-lidzekli","9":"product_tag-outdoorchef","10":"thunk-woo-product-list","11":"opn-qv-enable","12":"open-woo-hover-none","13":"open-single-product-tab-horizontal","14":"open-shadow-","15":"open-shadow-hover-","17":"first","18":"instock","19":"taxable","20":"shipping-taxable","21":"purchasable","22":"product-type-simple"},"jetpack-related-posts":[],"jetpack_sharing_enabled":true,"brands":[{"id":164,"name":"Outdoorchef","slug":"outdoorchef"}],"_links":{"self":[{"href":"https:\/\/grillhouse.lv\/veikals\/wp-json\/wp\/v2\/product\/1293","targetHints":{"allow":["GET"]}}],"collection":[{"href":"https:\/\/grillhouse.lv\/veikals\/wp-json\/wp\/v2\/product"}],"about":[{"href":"https:\/\/grillhouse.lv\/veikals\/wp-json\/wp\/v2\/types\/product"}],"replies":[{"embeddable":true,"href":"https:\/\/grillhouse.lv\/veikals\/wp-json\/wp\/v2\/comments?post=1293"}],"wp:featuredmedia":[{"embeddable":true,"href":"https:\/\/grillhouse.lv\/veikals\/wp-json\/wp\/v2\/media\/1294"}],"wp:attachment":[{"href":"https:\/\/grillhouse.lv\/veikals\/wp-json\/wp\/v2\/media?parent=1293"}],"wp:term":[{"taxonomy":"pwb-brand","embeddable":true,"href":"https:\/\/grillhouse.lv\/veikals\/wp-json\/wp\/v2\/pwb-brand?post=1293"},{"taxonomy":"product_brand","embeddable":true,"href":"https:\/\/grillhouse.lv\/veikals\/wp-json\/wp\/v2\/product_brand?post=1293"},{"taxonomy":"product_cat","embeddable":true,"href":"https:\/\/grillhouse.lv\/veikals\/wp-json\/wp\/v2\/product_cat?post=1293"},{"taxonomy":"product_tag","embeddable":true,"href":"https:\/\/grillhouse.lv\/veikals\/wp-json\/wp\/v2\/product_tag?post=1293"}],"curies":[{"name":"wp","href":"https:\/\/api.w.org\/{rel}","templated":true}]}}