{"id":1289,"date":"2021-04-27T20:03:16","date_gmt":"2021-04-27T17:03:16","guid":{"rendered":"https:\/\/grillhouse.lv\/veikals\/?post_type=product&#038;p=1289"},"modified":"2021-04-27T20:03:16","modified_gmt":"2021-04-27T17:03:16","slug":"outdoorchef-kensington-570-c","status":"publish","type":"product","link":"https:\/\/grillhouse.lv\/veikals\/products\/outdoorchef-kensington-570-c\/","title":{"rendered":"Outdoorchef Kensington 570 C"},"content":{"rendered":"<p>Re\u017e\u0123is: 54 cm<br \/>\nGatavo\u0161anas augstums: 83 cm<br \/>\nSvars: 18,9 kg<br \/>\nIzm\u0113ri cm: H 101 \u00d7 W 69 \u00d7 D 75<\/p>\n","protected":false},"excerpt":{"rendered":"<p>Jauna kokog\u013cu sist\u0113ma ar ner\u016bs\u0113jo\u0161\u0101 t\u0113rauda kokog\u013cu grozu<br \/>\nPorcel\u0101na emalj\u0113t\u0101 EASY SLIDE piltuve tie\u0161ai un netie\u0161ai gril\u0113\u0161anai<br \/>\nVentil\u0101cijas sist\u0113ma optim\u0101lai siltuma un gaisa regul\u0113\u0161anai<br \/>\nLiela porcel\u0101na emalj\u0113ta pelnu uztv\u0113r\u0113ja un tauku papl\u0101te (kalpo k\u0101 sav\u0101k\u0161anas papl\u0101te un arom\u0101tiska trauks)<br \/>\nIntegr\u0113ta v\u0101ka e\u0146\u0123e un termometrs<br \/>\nNospiediet rokturi, lai viegli p\u0101rvietotu grilu<br \/>\nHrom\u0113ts saliekams grila re\u017e\u0123is<br \/>\nRati\u0146i ar pulvera p\u0101rkl\u0101jumu<br \/>\n2 plastmasas rite\u0146i<\/p>\n","protected":false},"featured_media":1292,"comment_status":"open","ping_status":"closed","template":"","meta":[],"pwb-brand":[],"product_brand":[],"product_cat":[48,204],"product_tag":[205],"class_list":{"0":"post-1289","1":"product","2":"type-product","3":"status-publish","4":"has-post-thumbnail","6":"product_cat-kokoglu-grili","7":"product_cat-outdoorchef-kokoglu-grili","8":"product_tag-outdoorchef","9":"thunk-woo-product-list","10":"opn-qv-enable","11":"open-woo-hover-none","12":"open-single-product-tab-horizontal","13":"open-shadow-","14":"open-shadow-hover-","16":"first","17":"instock","18":"taxable","19":"shipping-taxable","20":"purchasable","21":"product-type-simple"},"jetpack-related-posts":[],"jetpack_sharing_enabled":true,"brands":[],"_links":{"self":[{"href":"https:\/\/grillhouse.lv\/veikals\/wp-json\/wp\/v2\/product\/1289","targetHints":{"allow":["GET"]}}],"collection":[{"href":"https:\/\/grillhouse.lv\/veikals\/wp-json\/wp\/v2\/product"}],"about":[{"href":"https:\/\/grillhouse.lv\/veikals\/wp-json\/wp\/v2\/types\/product"}],"replies":[{"embeddable":true,"href":"https:\/\/grillhouse.lv\/veikals\/wp-json\/wp\/v2\/comments?post=1289"}],"wp:featuredmedia":[{"embeddable":true,"href":"https:\/\/grillhouse.lv\/veikals\/wp-json\/wp\/v2\/media\/1292"}],"wp:attachment":[{"href":"https:\/\/grillhouse.lv\/veikals\/wp-json\/wp\/v2\/media?parent=1289"}],"wp:term":[{"taxonomy":"pwb-brand","embeddable":true,"href":"https:\/\/grillhouse.lv\/veikals\/wp-json\/wp\/v2\/pwb-brand?post=1289"},{"taxonomy":"product_brand","embeddable":true,"href":"https:\/\/grillhouse.lv\/veikals\/wp-json\/wp\/v2\/product_brand?post=1289"},{"taxonomy":"product_cat","embeddable":true,"href":"https:\/\/grillhouse.lv\/veikals\/wp-json\/wp\/v2\/product_cat?post=1289"},{"taxonomy":"product_tag","embeddable":true,"href":"https:\/\/grillhouse.lv\/veikals\/wp-json\/wp\/v2\/product_tag?post=1289"}],"curies":[{"name":"wp","href":"https:\/\/api.w.org\/{rel}","templated":true}]}}