{"id":1279,"date":"2021-04-27T19:13:45","date_gmt":"2021-04-27T16:13:45","guid":{"rendered":"https:\/\/grillhouse.lv\/veikals\/?post_type=product&#038;p=1279"},"modified":"2021-04-28T20:28:08","modified_gmt":"2021-04-28T17:28:08","slug":"outdoorchef-minichef-420-g","status":"publish","type":"product","link":"https:\/\/grillhouse.lv\/veikals\/products\/outdoorchef-minichef-420-g\/","title":{"rendered":"Outdoorchef Minichef 420 G"},"content":{"rendered":"<p>Porcel\u0101na emalj\u0113ts re\u017e\u0123is: 39,5 cm<br \/>\nSvars: 12 kg<br \/>\nIzm\u0113ri cm: H 43 \u00d7 W 78 \u00d7 D 53<br \/>\nDeg\u013ca jauda: 4,3 kW<\/p>\n","protected":false},"excerpt":{"rendered":"<p>Porcel\u0101na emalj\u0113ta 1 gredzena deg\u013cu sist\u0113ma ar pjezo aizdedzi<br \/>\nPagrie\u017eama porcel\u0101na emalj\u0113ta EASY FLIP piltuve tie\u0161ai un netie\u0161ai gril\u0113\u0161anai<br \/>\nIntegr\u0113ta v\u0101ka e\u0146\u0123e un termometrs<br \/>\nDivi no\u0146emami s\u0101nu plaukti<br \/>\nPorcel\u0101na emalj\u0113ts grila re\u017e\u0123is<br \/>\nAr neilonu pastiprin\u0101ts plastmasas pamatnes r\u0101mis<br \/>\nG\u0101zes reduktors ar \u0161\u013c\u016bteni nav komplekt\u0101.<\/p>\n","protected":false},"featured_media":1283,"comment_status":"open","ping_status":"closed","template":"","meta":[],"pwb-brand":[164],"product_brand":[],"product_cat":[17,91],"product_tag":[205],"class_list":{"0":"post-1279","1":"product","2":"type-product","3":"status-publish","4":"has-post-thumbnail","6":"pwb-brand-outdoorchef","7":"product_cat-gazes-grili","8":"product_cat-outdoorchef","9":"product_tag-outdoorchef","10":"thunk-woo-product-list","11":"opn-qv-enable","12":"open-woo-hover-none","13":"open-single-product-tab-horizontal","14":"open-shadow-","15":"open-shadow-hover-","17":"first","18":"instock","19":"taxable","20":"shipping-taxable","21":"purchasable","22":"product-type-simple"},"jetpack-related-posts":[],"jetpack_sharing_enabled":true,"brands":[{"id":164,"name":"Outdoorchef","slug":"outdoorchef"}],"_links":{"self":[{"href":"https:\/\/grillhouse.lv\/veikals\/wp-json\/wp\/v2\/product\/1279","targetHints":{"allow":["GET"]}}],"collection":[{"href":"https:\/\/grillhouse.lv\/veikals\/wp-json\/wp\/v2\/product"}],"about":[{"href":"https:\/\/grillhouse.lv\/veikals\/wp-json\/wp\/v2\/types\/product"}],"replies":[{"embeddable":true,"href":"https:\/\/grillhouse.lv\/veikals\/wp-json\/wp\/v2\/comments?post=1279"}],"wp:featuredmedia":[{"embeddable":true,"href":"https:\/\/grillhouse.lv\/veikals\/wp-json\/wp\/v2\/media\/1283"}],"wp:attachment":[{"href":"https:\/\/grillhouse.lv\/veikals\/wp-json\/wp\/v2\/media?parent=1279"}],"wp:term":[{"taxonomy":"pwb-brand","embeddable":true,"href":"https:\/\/grillhouse.lv\/veikals\/wp-json\/wp\/v2\/pwb-brand?post=1279"},{"taxonomy":"product_brand","embeddable":true,"href":"https:\/\/grillhouse.lv\/veikals\/wp-json\/wp\/v2\/product_brand?post=1279"},{"taxonomy":"product_cat","embeddable":true,"href":"https:\/\/grillhouse.lv\/veikals\/wp-json\/wp\/v2\/product_cat?post=1279"},{"taxonomy":"product_tag","embeddable":true,"href":"https:\/\/grillhouse.lv\/veikals\/wp-json\/wp\/v2\/product_tag?post=1279"}],"curies":[{"name":"wp","href":"https:\/\/api.w.org\/{rel}","templated":true}]}}