{"id":1262,"date":"2021-04-10T19:36:07","date_gmt":"2021-04-10T16:36:07","guid":{"rendered":"http:\/\/grillhouse.lv\/veikals\/?post_type=product&#038;p=1262"},"modified":"2025-06-18T11:24:31","modified_gmt":"2025-06-18T08:24:31","slug":"camp-chef-woodwind-24","status":"publish","type":"product","link":"https:\/\/grillhouse.lv\/veikals\/products\/camp-chef-woodwind-24\/","title":{"rendered":"Camp Chef Woodwind 24"},"content":{"rendered":"<p>Camp Chef Woodwind 24 \u2033 granulu grils ir ide\u0101la gril\u0113\u0161anas ier\u012bce ar vismodern\u0101kajiem piederumiem. Novatorisko displeju var vad\u012bt manu\u0101li, izmantojot \u0113rtu pogu, vai ar\u012b izmantojot WiFi un t\u0101lruni, izmantojot lietotni Camp Chef Connect. Sader\u012bgs ar\u012b caur Bluedooth. Kr\u0101su displejs ir dro\u0161i p\u0101rkl\u0101ts ar v\u0101ci\u0146u, kas iztur\u012bgs pret laika apst\u0101k\u013ciem. Turkl\u0101t grils ir apr\u012bkots ar \u010detr\u0101m zond\u0113m, kas n\u0101k komplekt\u0101 ar grilu.<\/p>\n<p>Displejs: kr\u0101sains ekr\u0101ns, \u0113rti lietojams gan manu\u0101li, gan ar Wifi un Bluetooth atbalstu, p\u0101rkl\u0101ts ar laika apst\u0101k\u013cu iztur\u012bgu v\u0101ci\u0146u<br \/>\nTemperat\u016bras zonde: \u010detru zondu komplekts, ko var izmantot vienlaikus<br \/>\nCep\u0161anas temperat\u016bras diapazons: 70 \u00b0 C &#8211; 230 \u00b0 C<br \/>\nApak\u0161\u0113j\u0101 reste: ar porcel\u0101na p\u0101rkl\u0101jumu t\u0113rauds 46 x 56cm<br \/>\nAug\u0161\u0113j\u0101 reste: t\u0113rauda re\u017e\u0123is, papla\u0161in\u0101ms l\u012bdz t\u0101dam pa\u0161am izm\u0113ram k\u0101 apak\u0161\u0113jais 46 x 56 cm<br \/>\nDegvielas veids: 100% dab\u012bgas cietkoksnes grila granulas<br \/>\nGranulu pl\u016bsmas uzraudz\u012bbas logs.<br \/>\nKonvekcija: konvekcijas cep\u0161ana<br \/>\nAizdedzin\u0101t\u0101js: 300 V autom\u0101tisk\u0101 aizdedze, ilgums 3 min\u016btes.<br \/>\nD\u016bmi: dekorat\u012bvs skurstenis restes aizmugur\u0113<br \/>\nIesl\u0113g\u0161ana un izsl\u0113g\u0161ana: apkures kr\u0101sns autom\u0101tiska iedarbin\u0101\u0161ana un atdzes\u0113\u0161ana \/ t\u012br\u012b\u0161ana<br \/>\nPelnu no\u0146em\u0161ana: ar pavarda aizb\u012bdni, kuru var atv\u0113rt, lai ar pelnu no\u0146em\u0161anas kausu ar vienk\u0101r\u0161u rokas kust\u012bbu no\u0146emtu pelnu no grila apak\u0161as.<br \/>\nGranulu no\u0146em\u0161anas \/ nomai\u0146as durvis.<br \/>\nGranulu tvertne: tilpums 9kg,<br \/>\nRokturis grila p\u0101rvieto\u0161anai un, protams, pude\u013cu attais\u0101mais uz grila korpusa.<\/p>\n<p>Korpuss: iztur\u012bga t\u0113rauda konstrukcija<br \/>\nMobilit\u0101te: \u010detri stipri blo\u0137\u0113ti rite\u0146i<br \/>\nApdare: augstas temperat\u016bras korpuss ar pulvera p\u0101rkl\u0101jumu<br \/>\nPriek\u0161\u0113jais plaukts: \u0113rtai mopu, m\u0113rces, piederumu un gar\u0161vielu uzglab\u0101\u0161anai. Var aizst\u0101t ar, piem\u0113ram, g\u0101zes pl\u012bts moduli.<br \/>\nPamatplaukts: gril\u0113\u0161anas piederumu uzglab\u0101\u0161anai<br \/>\nTauku spainis: no\u0146emams, kar\u0101jas uz grila<br \/>\nRokturis: grila gal\u0101<br \/>\nB\u0101rbekj\u016b izm\u0113ri: augstums 126 x garums 128 (bez gala plaukta 100) x platums 60 cm<br \/>\nSvars: 69kg<\/p>\n<p><iframe loading=\"lazy\" title=\"YouTube video player\" src=\"https:\/\/www.youtube.com\/embed\/ctasGkxohP0\" width=\"950\" height=\"534\" frameborder=\"0\" allowfullscreen=\"allowfullscreen\"><\/iframe><\/p>\n","protected":false},"excerpt":{"rendered":"<p>Camp Chef Woodwind 24 \u2033 ir modern\u0101kais granulu grils pasaul\u0113. Kr\u0101su displejs, 4 temperat\u016bras zondes, WiFi un Bluedooth sader\u012bba. Taj\u0101 pa\u0161\u0101 laik\u0101 to ir viegli vad\u012bt manu\u0101li.<\/p>\n","protected":false},"featured_media":1266,"comment_status":"open","ping_status":"closed","template":"","meta":[],"pwb-brand":[200],"product_brand":[],"product_cat":[201,23],"product_tag":[202,25],"class_list":{"0":"post-1262","1":"product","2":"type-product","3":"status-publish","4":"has-post-thumbnail","6":"pwb-brand-camp-chef","7":"product_cat-camp-chef-granulu-grili","8":"product_cat-granulu-grili","9":"product_tag-camp-chef","10":"product_tag-granulu-grili","11":"thunk-woo-product-list","12":"opn-qv-enable","13":"open-woo-hover-none","14":"open-single-product-tab-horizontal","15":"open-shadow-","16":"open-shadow-hover-","18":"first","19":"outofstock","20":"taxable","21":"shipping-taxable","22":"purchasable","23":"product-type-simple"},"jetpack-related-posts":[],"jetpack_sharing_enabled":true,"brands":[{"id":200,"name":"Camp Chef","slug":"camp-chef"}],"_links":{"self":[{"href":"https:\/\/grillhouse.lv\/veikals\/wp-json\/wp\/v2\/product\/1262","targetHints":{"allow":["GET"]}}],"collection":[{"href":"https:\/\/grillhouse.lv\/veikals\/wp-json\/wp\/v2\/product"}],"about":[{"href":"https:\/\/grillhouse.lv\/veikals\/wp-json\/wp\/v2\/types\/product"}],"replies":[{"embeddable":true,"href":"https:\/\/grillhouse.lv\/veikals\/wp-json\/wp\/v2\/comments?post=1262"}],"wp:featuredmedia":[{"embeddable":true,"href":"https:\/\/grillhouse.lv\/veikals\/wp-json\/wp\/v2\/media\/1266"}],"wp:attachment":[{"href":"https:\/\/grillhouse.lv\/veikals\/wp-json\/wp\/v2\/media?parent=1262"}],"wp:term":[{"taxonomy":"pwb-brand","embeddable":true,"href":"https:\/\/grillhouse.lv\/veikals\/wp-json\/wp\/v2\/pwb-brand?post=1262"},{"taxonomy":"product_brand","embeddable":true,"href":"https:\/\/grillhouse.lv\/veikals\/wp-json\/wp\/v2\/product_brand?post=1262"},{"taxonomy":"product_cat","embeddable":true,"href":"https:\/\/grillhouse.lv\/veikals\/wp-json\/wp\/v2\/product_cat?post=1262"},{"taxonomy":"product_tag","embeddable":true,"href":"https:\/\/grillhouse.lv\/veikals\/wp-json\/wp\/v2\/product_tag?post=1262"}],"curies":[{"name":"wp","href":"https:\/\/api.w.org\/{rel}","templated":true}]}}