{"id":1254,"date":"2021-03-30T19:53:33","date_gmt":"2021-03-30T16:53:33","guid":{"rendered":"http:\/\/grillhouse.lv\/veikals\/?post_type=product&#038;p=1254"},"modified":"2022-11-24T16:54:26","modified_gmt":"2022-11-24T14:54:26","slug":"pit-boss-abeles-koksnes-granulas","status":"publish","type":"product","link":"https:\/\/grillhouse.lv\/veikals\/products\/pit-boss-abeles-koksnes-granulas\/","title":{"rendered":"Pit Boss \u0101beles koksnes granulas"},"content":{"rendered":"<p>Pit Boss \u0101beles cietkoksnes granulas rada maigu, bet saldu gar\u0161u, kas ir optim\u0101la c\u016bkga\u013cai, m\u0101jputniem, d\u0101rze\u0146iem un cep\u0161anas produktiem.<\/p>\n<p>Nav m\u0101ksl\u012bgu arom\u0101tu, izsmidzin\u0101mu arom\u0101tu, l\u012bmju vai \u0137\u012bmisku vielu: Pit Boss cietkoksnes granulas ir 100% dab\u012bgas.<\/p>\n<p>Vis\u0101 Zieme\u013camerik\u0101 ieg\u016btie neapstr\u0101d\u0101tie kokmateri\u0101li ir lielisks gala produkts. Augsts spiediens uz z\u0101\u0123u skaid\u0101m ra\u017eo\u0161anas laik\u0101 liek koksnes dabiskajai sulai saist\u012bt granulas kop\u0101 ar gar\u0161u, kas rakstur\u012bga katram mais\u012bjumam.<\/p>\n","protected":false},"excerpt":{"rendered":"<p>Pit Boss \u0101beles cietkoksnes granulas rada maigu, bet saldu gar\u0161u, kas ir optim\u0101la c\u016bkga\u013cai, m\u0101jputniem, d\u0101rze\u0146iem un cep\u0161anas produktiem.<\/p>\n","protected":false},"featured_media":1245,"comment_status":"open","ping_status":"closed","template":"","meta":[],"pwb-brand":[197],"product_brand":[],"product_cat":[27],"product_tag":[28,198],"class_list":{"0":"post-1254","1":"product","2":"type-product","3":"status-publish","4":"has-post-thumbnail","6":"pwb-brand-pit-boss","7":"product_cat-granulas","8":"product_tag-granulas","9":"product_tag-pit-boss","10":"thunk-woo-product-list","11":"opn-qv-enable","12":"open-woo-hover-none","13":"open-single-product-tab-horizontal","14":"open-shadow-","15":"open-shadow-hover-","17":"first","18":"onbackorder","19":"taxable","20":"shipping-taxable","21":"purchasable","22":"product-type-simple"},"jetpack-related-posts":[],"jetpack_sharing_enabled":true,"brands":[{"id":197,"name":"Pit Boss","slug":"pit-boss"}],"_links":{"self":[{"href":"https:\/\/grillhouse.lv\/veikals\/wp-json\/wp\/v2\/product\/1254","targetHints":{"allow":["GET"]}}],"collection":[{"href":"https:\/\/grillhouse.lv\/veikals\/wp-json\/wp\/v2\/product"}],"about":[{"href":"https:\/\/grillhouse.lv\/veikals\/wp-json\/wp\/v2\/types\/product"}],"replies":[{"embeddable":true,"href":"https:\/\/grillhouse.lv\/veikals\/wp-json\/wp\/v2\/comments?post=1254"}],"wp:featuredmedia":[{"embeddable":true,"href":"https:\/\/grillhouse.lv\/veikals\/wp-json\/wp\/v2\/media\/1245"}],"wp:attachment":[{"href":"https:\/\/grillhouse.lv\/veikals\/wp-json\/wp\/v2\/media?parent=1254"}],"wp:term":[{"taxonomy":"pwb-brand","embeddable":true,"href":"https:\/\/grillhouse.lv\/veikals\/wp-json\/wp\/v2\/pwb-brand?post=1254"},{"taxonomy":"product_brand","embeddable":true,"href":"https:\/\/grillhouse.lv\/veikals\/wp-json\/wp\/v2\/product_brand?post=1254"},{"taxonomy":"product_cat","embeddable":true,"href":"https:\/\/grillhouse.lv\/veikals\/wp-json\/wp\/v2\/product_cat?post=1254"},{"taxonomy":"product_tag","embeddable":true,"href":"https:\/\/grillhouse.lv\/veikals\/wp-json\/wp\/v2\/product_tag?post=1254"}],"curies":[{"name":"wp","href":"https:\/\/api.w.org\/{rel}","templated":true}]}}