{"id":1252,"date":"2021-03-30T19:26:22","date_gmt":"2021-03-30T16:26:22","guid":{"rendered":"http:\/\/grillhouse.lv\/veikals\/?post_type=product&#038;p=1252"},"modified":"2022-11-24T16:55:02","modified_gmt":"2022-11-24T14:55:02","slug":"pit-boss-charcoal-blend-granulas","status":"publish","type":"product","link":"https:\/\/grillhouse.lv\/veikals\/products\/pit-boss-charcoal-blend-granulas\/","title":{"rendered":"Pit Boss Charcoal Blend granulas"},"content":{"rendered":"<p>Pit Boss Charcoal granulu mais\u012bjums ar ozola un kokog\u013cu arom\u0101tu.<\/p>\n","protected":false},"excerpt":{"rendered":"<p>Pit Boss Charcoal granulu mais\u012bjums ar ozola un kokog\u013cu arom\u0101tu.<\/p>\n<p>Lieliska izv\u0113le, lai apvienotu izcil\u0101k\u0101s gar\u0161as \u0113diena gatavo\u0161an\u0101 \u0101rpus telp\u0101m.<\/p>\n<p>Izmantojiet \u0161o mais\u012bjumu, lai bag\u0101tin\u0101tu liellopa, c\u016bkga\u013cas, m\u0101jputnu vai med\u012bjumu gar\u0161u.<\/p>\n<p>Visas Pit Boss cietkoksnes granulas tiek ra\u017eotas ASV izmantojot tikai 100% dab\u012bgu cietkoksni.<\/p>\n<p>Granulas 100% nesatur smidzin\u0101\u0161anas arom\u0101tus, l\u012bmes, m\u0101ksl\u012bgas gar\u0161as vai \u0137\u012bmiskas vielas.<\/p>\n","protected":false},"featured_media":1246,"comment_status":"open","ping_status":"closed","template":"","meta":[],"pwb-brand":[197],"product_brand":[],"product_cat":[27],"product_tag":[28,198],"class_list":{"0":"post-1252","1":"product","2":"type-product","3":"status-publish","4":"has-post-thumbnail","6":"pwb-brand-pit-boss","7":"product_cat-granulas","8":"product_tag-granulas","9":"product_tag-pit-boss","10":"thunk-woo-product-list","11":"opn-qv-enable","12":"open-woo-hover-none","13":"open-single-product-tab-horizontal","14":"open-shadow-","15":"open-shadow-hover-","17":"first","18":"instock","19":"taxable","20":"shipping-taxable","21":"purchasable","22":"product-type-simple"},"jetpack-related-posts":[],"jetpack_sharing_enabled":true,"brands":[{"id":197,"name":"Pit Boss","slug":"pit-boss"}],"_links":{"self":[{"href":"https:\/\/grillhouse.lv\/veikals\/wp-json\/wp\/v2\/product\/1252","targetHints":{"allow":["GET"]}}],"collection":[{"href":"https:\/\/grillhouse.lv\/veikals\/wp-json\/wp\/v2\/product"}],"about":[{"href":"https:\/\/grillhouse.lv\/veikals\/wp-json\/wp\/v2\/types\/product"}],"replies":[{"embeddable":true,"href":"https:\/\/grillhouse.lv\/veikals\/wp-json\/wp\/v2\/comments?post=1252"}],"wp:featuredmedia":[{"embeddable":true,"href":"https:\/\/grillhouse.lv\/veikals\/wp-json\/wp\/v2\/media\/1246"}],"wp:attachment":[{"href":"https:\/\/grillhouse.lv\/veikals\/wp-json\/wp\/v2\/media?parent=1252"}],"wp:term":[{"taxonomy":"pwb-brand","embeddable":true,"href":"https:\/\/grillhouse.lv\/veikals\/wp-json\/wp\/v2\/pwb-brand?post=1252"},{"taxonomy":"product_brand","embeddable":true,"href":"https:\/\/grillhouse.lv\/veikals\/wp-json\/wp\/v2\/product_brand?post=1252"},{"taxonomy":"product_cat","embeddable":true,"href":"https:\/\/grillhouse.lv\/veikals\/wp-json\/wp\/v2\/product_cat?post=1252"},{"taxonomy":"product_tag","embeddable":true,"href":"https:\/\/grillhouse.lv\/veikals\/wp-json\/wp\/v2\/product_tag?post=1252"}],"curies":[{"name":"wp","href":"https:\/\/api.w.org\/{rel}","templated":true}]}}