{"id":1214,"date":"2020-12-03T15:39:06","date_gmt":"2020-12-03T13:39:06","guid":{"rendered":"http:\/\/grillhouse.lv\/veikals\/?post_type=product&#038;p=1214"},"modified":"2020-12-04T17:41:07","modified_gmt":"2020-12-04T15:41:07","slug":"klavas-koksnes-skaidas-kupinasanai-2l","status":"publish","type":"product","link":"https:\/\/grillhouse.lv\/veikals\/products\/klavas-koksnes-skaidas-kupinasanai-2l\/","title":{"rendered":"K\u013cavas koksnes skaidas k\u016bpin\u0101\u0161anai 2L"},"content":{"rendered":"","protected":false},"excerpt":{"rendered":"<p>K\u013cavas koksnes skaidas k\u016bpin\u0101\u0161anai.<\/p>\n<p>Iekapojums \u2013 2 litri.<\/p>\n<p>Darb\u012bbas ilgums \u2013 8 stundas.<\/p>\n","protected":false},"featured_media":1220,"comment_status":"open","ping_status":"closed","template":"","meta":[],"pwb-brand":[190],"product_brand":[],"product_cat":[189,140,188],"product_tag":[192,194],"class_list":{"0":"post-1214","1":"product","2":"type-product","3":"status-publish","4":"has-post-thumbnail","6":"pwb-brand-borniak","7":"product_cat-borniak-skaidas","8":"product_cat-dumiem","9":"product_cat-kupinatavam-skaidas-cipsi-koksnes-gabali","10":"product_tag-borniak","11":"product_tag-kupnasanai","12":"thunk-woo-product-list","13":"opn-qv-enable","14":"open-woo-hover-none","15":"open-single-product-tab-horizontal","16":"open-shadow-","17":"open-shadow-hover-","19":"first","20":"instock","21":"taxable","22":"shipping-taxable","23":"purchasable","24":"product-type-simple"},"jetpack-related-posts":[],"jetpack_sharing_enabled":true,"brands":[{"id":190,"name":"Borniak","slug":"borniak"}],"_links":{"self":[{"href":"https:\/\/grillhouse.lv\/veikals\/wp-json\/wp\/v2\/product\/1214","targetHints":{"allow":["GET"]}}],"collection":[{"href":"https:\/\/grillhouse.lv\/veikals\/wp-json\/wp\/v2\/product"}],"about":[{"href":"https:\/\/grillhouse.lv\/veikals\/wp-json\/wp\/v2\/types\/product"}],"replies":[{"embeddable":true,"href":"https:\/\/grillhouse.lv\/veikals\/wp-json\/wp\/v2\/comments?post=1214"}],"wp:featuredmedia":[{"embeddable":true,"href":"https:\/\/grillhouse.lv\/veikals\/wp-json\/wp\/v2\/media\/1220"}],"wp:attachment":[{"href":"https:\/\/grillhouse.lv\/veikals\/wp-json\/wp\/v2\/media?parent=1214"}],"wp:term":[{"taxonomy":"pwb-brand","embeddable":true,"href":"https:\/\/grillhouse.lv\/veikals\/wp-json\/wp\/v2\/pwb-brand?post=1214"},{"taxonomy":"product_brand","embeddable":true,"href":"https:\/\/grillhouse.lv\/veikals\/wp-json\/wp\/v2\/product_brand?post=1214"},{"taxonomy":"product_cat","embeddable":true,"href":"https:\/\/grillhouse.lv\/veikals\/wp-json\/wp\/v2\/product_cat?post=1214"},{"taxonomy":"product_tag","embeddable":true,"href":"https:\/\/grillhouse.lv\/veikals\/wp-json\/wp\/v2\/product_tag?post=1214"}],"curies":[{"name":"wp","href":"https:\/\/api.w.org\/{rel}","templated":true}]}}