{"id":1211,"date":"2020-12-03T15:35:51","date_gmt":"2020-12-03T13:35:51","guid":{"rendered":"http:\/\/grillhouse.lv\/veikals\/?post_type=product&#038;p=1211"},"modified":"2020-12-04T17:42:30","modified_gmt":"2020-12-04T15:42:30","slug":"kirsa-koksnes-skaidas-kupinasanai-5x2l","status":"publish","type":"product","link":"https:\/\/grillhouse.lv\/veikals\/products\/kirsa-koksnes-skaidas-kupinasanai-5x2l\/","title":{"rendered":"\u0136ir\u0161a koksnes skaidas k\u016bpin\u0101\u0161anai 5x2L"},"content":{"rendered":"","protected":false},"excerpt":{"rendered":"<p>\u0136ir\u0161a koksnes skaidas k\u016bpin\u0101\u0161anai.<\/p>\n<p>Iekapojums \u2013 5 x 2 litri.<\/p>\n<p>Darb\u012bbas ilgums \u2013 40 stundas.<\/p>\n","protected":false},"featured_media":1220,"comment_status":"open","ping_status":"closed","template":"","meta":[],"pwb-brand":[190],"product_brand":[],"product_cat":[189,140,188,41],"product_tag":[192,194],"class_list":{"0":"post-1211","1":"product","2":"type-product","3":"status-publish","4":"has-post-thumbnail","6":"pwb-brand-borniak","7":"product_cat-borniak-skaidas","8":"product_cat-dumiem","9":"product_cat-kupinatavam-skaidas-cipsi-koksnes-gabali","10":"product_cat-piederumi","11":"product_tag-borniak","12":"product_tag-kupnasanai","13":"thunk-woo-product-list","14":"opn-qv-enable","15":"open-woo-hover-none","16":"open-single-product-tab-horizontal","17":"open-shadow-","18":"open-shadow-hover-","20":"first","21":"instock","22":"taxable","23":"shipping-taxable","24":"purchasable","25":"product-type-simple"},"jetpack-related-posts":[],"jetpack_sharing_enabled":true,"brands":[{"id":190,"name":"Borniak","slug":"borniak"}],"_links":{"self":[{"href":"https:\/\/grillhouse.lv\/veikals\/wp-json\/wp\/v2\/product\/1211","targetHints":{"allow":["GET"]}}],"collection":[{"href":"https:\/\/grillhouse.lv\/veikals\/wp-json\/wp\/v2\/product"}],"about":[{"href":"https:\/\/grillhouse.lv\/veikals\/wp-json\/wp\/v2\/types\/product"}],"replies":[{"embeddable":true,"href":"https:\/\/grillhouse.lv\/veikals\/wp-json\/wp\/v2\/comments?post=1211"}],"wp:featuredmedia":[{"embeddable":true,"href":"https:\/\/grillhouse.lv\/veikals\/wp-json\/wp\/v2\/media\/1220"}],"wp:attachment":[{"href":"https:\/\/grillhouse.lv\/veikals\/wp-json\/wp\/v2\/media?parent=1211"}],"wp:term":[{"taxonomy":"pwb-brand","embeddable":true,"href":"https:\/\/grillhouse.lv\/veikals\/wp-json\/wp\/v2\/pwb-brand?post=1211"},{"taxonomy":"product_brand","embeddable":true,"href":"https:\/\/grillhouse.lv\/veikals\/wp-json\/wp\/v2\/product_brand?post=1211"},{"taxonomy":"product_cat","embeddable":true,"href":"https:\/\/grillhouse.lv\/veikals\/wp-json\/wp\/v2\/product_cat?post=1211"},{"taxonomy":"product_tag","embeddable":true,"href":"https:\/\/grillhouse.lv\/veikals\/wp-json\/wp\/v2\/product_tag?post=1211"}],"curies":[{"name":"wp","href":"https:\/\/api.w.org\/{rel}","templated":true}]}}