{"id":1131,"date":"2020-11-16T10:52:20","date_gmt":"2020-11-16T08:52:20","guid":{"rendered":"http:\/\/grillhouse.lv\/veikals\/?post_type=product&#038;p=1131"},"modified":"2022-03-18T17:17:16","modified_gmt":"2022-03-18T15:17:16","slug":"traeger-terauda-griza-grozs","status":"publish","type":"product","link":"https:\/\/grillhouse.lv\/veikals\/products\/traeger-terauda-griza-grozs\/","title":{"rendered":"Traeger t\u0113rauda grila grozs"},"content":{"rendered":"","protected":false},"excerpt":{"rendered":"<p>Izmantojot \u0161o ner\u016bs\u0113jo\u0161\u0101 t\u0113rauda grila grozu, uz grila dro\u0161i pagatavojiet sasmalcin\u0101tas d\u0101rze\u0146us, garneles un citus s\u012bkus priek\u0161metus. Mazie caurumi ne\u013cauj p\u0101rtikai nokrist caur re\u017e\u0123iem, vienlaikus \u013caujot siltumam un d\u016bmiem vienm\u0113r\u012bgi cirkul\u0113t.<\/p>\n<p>Nov\u0113r\u0161 p\u0101rtikas zaud\u0113\u0161anu ar rest\u0113m<br \/>\nNer\u016bs\u0113jo\u0161ais t\u0113rauds vienm\u0113r\u012bgai \u0113diena gatavo\u0161anai<br \/>\nCaurumi \u013cauj cirkul\u0113t siltumam un d\u016bmiem<br \/>\nPaaugstin\u0101tas malas<br \/>\n18x29cm<\/p>\n","protected":false},"featured_media":1132,"comment_status":"open","ping_status":"closed","template":"","meta":[],"pwb-brand":[163],"product_brand":[],"product_cat":[23,41,182,82,83],"product_tag":[42,24],"class_list":{"0":"post-1131","1":"product","2":"type-product","3":"status-publish","4":"has-post-thumbnail","6":"pwb-brand-traeger","7":"product_cat-granulu-grili","8":"product_cat-piederumi","9":"product_cat-plaukti-grozi","10":"product_cat-traeger","11":"product_cat-traeger-piederumi","12":"product_tag-piederumi","13":"product_tag-traeger","14":"thunk-woo-product-list","15":"opn-qv-enable","16":"open-woo-hover-none","17":"open-single-product-tab-horizontal","18":"open-shadow-","19":"open-shadow-hover-","21":"first","22":"instock","23":"taxable","24":"shipping-taxable","25":"purchasable","26":"product-type-simple"},"jetpack-related-posts":[],"jetpack_sharing_enabled":true,"brands":[{"id":163,"name":"Traeger","slug":"traeger"}],"_links":{"self":[{"href":"https:\/\/grillhouse.lv\/veikals\/wp-json\/wp\/v2\/product\/1131","targetHints":{"allow":["GET"]}}],"collection":[{"href":"https:\/\/grillhouse.lv\/veikals\/wp-json\/wp\/v2\/product"}],"about":[{"href":"https:\/\/grillhouse.lv\/veikals\/wp-json\/wp\/v2\/types\/product"}],"replies":[{"embeddable":true,"href":"https:\/\/grillhouse.lv\/veikals\/wp-json\/wp\/v2\/comments?post=1131"}],"wp:featuredmedia":[{"embeddable":true,"href":"https:\/\/grillhouse.lv\/veikals\/wp-json\/wp\/v2\/media\/1132"}],"wp:attachment":[{"href":"https:\/\/grillhouse.lv\/veikals\/wp-json\/wp\/v2\/media?parent=1131"}],"wp:term":[{"taxonomy":"pwb-brand","embeddable":true,"href":"https:\/\/grillhouse.lv\/veikals\/wp-json\/wp\/v2\/pwb-brand?post=1131"},{"taxonomy":"product_brand","embeddable":true,"href":"https:\/\/grillhouse.lv\/veikals\/wp-json\/wp\/v2\/product_brand?post=1131"},{"taxonomy":"product_cat","embeddable":true,"href":"https:\/\/grillhouse.lv\/veikals\/wp-json\/wp\/v2\/product_cat?post=1131"},{"taxonomy":"product_tag","embeddable":true,"href":"https:\/\/grillhouse.lv\/veikals\/wp-json\/wp\/v2\/product_tag?post=1131"}],"curies":[{"name":"wp","href":"https:\/\/api.w.org\/{rel}","templated":true}]}}