{"id":1130,"date":"2020-11-16T09:18:49","date_gmt":"2020-11-16T07:18:49","guid":{"rendered":"http:\/\/grillhouse.lv\/veikals\/?post_type=product&#038;p=1130"},"modified":"2020-11-28T08:59:48","modified_gmt":"2020-11-28T06:59:48","slug":"traeger-pro-780-parvalks","status":"publish","type":"product","link":"https:\/\/grillhouse.lv\/veikals\/products\/traeger-pro-780-parvalks\/","title":{"rendered":"Traeger Pro 780 p\u0101rvalks"},"content":{"rendered":"","protected":false},"excerpt":{"rendered":"<p>\u016adensiztur\u012bgs<br \/>\nLieljaudas materi\u0101ls visiem laika apst\u0101k\u013ciem<br \/>\nForma piem\u0113rota Pro Series 780<\/p>\n","protected":false},"featured_media":1128,"comment_status":"open","ping_status":"closed","template":"","meta":[],"pwb-brand":[163],"product_brand":[],"product_cat":[23,18,179,83],"product_tag":[25,180,24],"class_list":{"0":"post-1130","1":"product","2":"type-product","3":"status-publish","4":"has-post-thumbnail","6":"pwb-brand-traeger","7":"product_cat-granulu-grili","8":"product_cat-parvalki","9":"product_cat-traeger-parvalki","10":"product_cat-traeger-piederumi","11":"product_tag-granulu-grili","12":"product_tag-parvalks","13":"product_tag-traeger","14":"thunk-woo-product-list","15":"opn-qv-enable","16":"open-woo-hover-none","17":"open-single-product-tab-horizontal","18":"open-shadow-","19":"open-shadow-hover-","21":"first","22":"instock","23":"taxable","24":"shipping-taxable","25":"purchasable","26":"product-type-simple"},"jetpack-related-posts":[],"jetpack_sharing_enabled":true,"brands":[{"id":163,"name":"Traeger","slug":"traeger"}],"_links":{"self":[{"href":"https:\/\/grillhouse.lv\/veikals\/wp-json\/wp\/v2\/product\/1130","targetHints":{"allow":["GET"]}}],"collection":[{"href":"https:\/\/grillhouse.lv\/veikals\/wp-json\/wp\/v2\/product"}],"about":[{"href":"https:\/\/grillhouse.lv\/veikals\/wp-json\/wp\/v2\/types\/product"}],"replies":[{"embeddable":true,"href":"https:\/\/grillhouse.lv\/veikals\/wp-json\/wp\/v2\/comments?post=1130"}],"wp:featuredmedia":[{"embeddable":true,"href":"https:\/\/grillhouse.lv\/veikals\/wp-json\/wp\/v2\/media\/1128"}],"wp:attachment":[{"href":"https:\/\/grillhouse.lv\/veikals\/wp-json\/wp\/v2\/media?parent=1130"}],"wp:term":[{"taxonomy":"pwb-brand","embeddable":true,"href":"https:\/\/grillhouse.lv\/veikals\/wp-json\/wp\/v2\/pwb-brand?post=1130"},{"taxonomy":"product_brand","embeddable":true,"href":"https:\/\/grillhouse.lv\/veikals\/wp-json\/wp\/v2\/product_brand?post=1130"},{"taxonomy":"product_cat","embeddable":true,"href":"https:\/\/grillhouse.lv\/veikals\/wp-json\/wp\/v2\/product_cat?post=1130"},{"taxonomy":"product_tag","embeddable":true,"href":"https:\/\/grillhouse.lv\/veikals\/wp-json\/wp\/v2\/product_tag?post=1130"}],"curies":[{"name":"wp","href":"https:\/\/api.w.org\/{rel}","templated":true}]}}