{"id":113,"date":"2020-07-12T20:02:54","date_gmt":"2020-07-12T17:02:54","guid":{"rendered":"http:\/\/grillhouse.lv\/veikals\/?post_type=product&#038;p=113"},"modified":"2022-05-23T21:08:19","modified_gmt":"2022-05-23T18:08:19","slug":"traeger-ranger","status":"publish","type":"product","link":"https:\/\/grillhouse.lv\/veikals\/products\/traeger-ranger\/","title":{"rendered":"Traeger Ranger"},"content":{"rendered":"","protected":false},"excerpt":{"rendered":"<p>Portat\u012bvs granulu grils.\u00a0Izmantojot Traeger digit\u0101lo termometru, Ranger nodro\u0161ina prec\u012bzu temperat\u016bras kontroli ar pievienoto sild\u012b\u0161anas re\u017e\u012bmu, lai p\u0101rliecin\u0101tos, ka j\u016bsu \u0113diens vienm\u0113r ir gatavs.<\/p>\n<p>Digit\u0101lais temperat\u016bras kontrolieris \u013cauj iestat\u012bt temperat\u016bru ar 5 gr\u0101du soli<\/p>\n<p>Saltuma re\u017e\u012bms, lai \u0113diens viem\u0113r b\u016btu silts<\/p>\n<p>Ga\u013cas zonde, lai p\u0101rbaud\u012btu tempus, nepace\u013cot v\u0101ku<\/p>\n<p>Gatavo\u0161anas taimeris \u013cauj uzzin\u0101t, kad ir pien\u0101cis laiks uzsm\u0113r\u0113t m\u0113rci m\u0113r\u012bt vai p\u0101rbaud\u012bt \u0113dienu<\/p>\n<p>Iztur\u012bgs v\u0101ks ar aizb\u012bd\u0146iem vieglai un dro\u0161ai transport\u0113\u0161anai<\/p>\n<p>Viegli t\u012br\u0101mas ar porcel\u0101nu p\u0101rkl\u0101tas restes<\/p>\n<p>1.187cm\u00b2 gril\u0113\u0161anas laukums<\/p>\n<p>\u010cuguna panna, lai pagatavotu ga\u013cu vai olu brokastis<\/p>\n<p>3,63 kg tvertne\u00a0granul\u0101m<\/p>\n<p>Gatavo\u0161anas virsmas izm\u0113rs: 1.187cm\u00b2<\/p>\n<p>Tvertne granul\u0101m: 3,63 kg<\/p>\n<p>Augstums: 33 cm<\/p>\n<p>Platums: 53 cm<\/p>\n<p>Dzi\u013cums: 51 cm<\/p>\n<p>Svars: 27 kg<\/p>\n","protected":false},"featured_media":114,"comment_status":"open","ping_status":"closed","template":"","meta":[],"pwb-brand":[163],"product_brand":[],"product_cat":[23,82],"product_tag":[25,24],"class_list":{"0":"post-113","1":"product","2":"type-product","3":"status-publish","4":"has-post-thumbnail","6":"pwb-brand-traeger","7":"product_cat-granulu-grili","8":"product_cat-traeger","9":"product_tag-granulu-grili","10":"product_tag-traeger","11":"thunk-woo-product-list","12":"opn-qv-enable","13":"open-woo-hover-none","14":"open-single-product-tab-horizontal","15":"open-shadow-","16":"open-shadow-hover-","18":"first","19":"outofstock","20":"taxable","21":"shipping-taxable","22":"purchasable","23":"product-type-simple"},"jetpack-related-posts":[],"jetpack_sharing_enabled":true,"brands":[{"id":163,"name":"Traeger","slug":"traeger"}],"_links":{"self":[{"href":"https:\/\/grillhouse.lv\/veikals\/wp-json\/wp\/v2\/product\/113","targetHints":{"allow":["GET"]}}],"collection":[{"href":"https:\/\/grillhouse.lv\/veikals\/wp-json\/wp\/v2\/product"}],"about":[{"href":"https:\/\/grillhouse.lv\/veikals\/wp-json\/wp\/v2\/types\/product"}],"replies":[{"embeddable":true,"href":"https:\/\/grillhouse.lv\/veikals\/wp-json\/wp\/v2\/comments?post=113"}],"wp:featuredmedia":[{"embeddable":true,"href":"https:\/\/grillhouse.lv\/veikals\/wp-json\/wp\/v2\/media\/114"}],"wp:attachment":[{"href":"https:\/\/grillhouse.lv\/veikals\/wp-json\/wp\/v2\/media?parent=113"}],"wp:term":[{"taxonomy":"pwb-brand","embeddable":true,"href":"https:\/\/grillhouse.lv\/veikals\/wp-json\/wp\/v2\/pwb-brand?post=113"},{"taxonomy":"product_brand","embeddable":true,"href":"https:\/\/grillhouse.lv\/veikals\/wp-json\/wp\/v2\/product_brand?post=113"},{"taxonomy":"product_cat","embeddable":true,"href":"https:\/\/grillhouse.lv\/veikals\/wp-json\/wp\/v2\/product_cat?post=113"},{"taxonomy":"product_tag","embeddable":true,"href":"https:\/\/grillhouse.lv\/veikals\/wp-json\/wp\/v2\/product_tag?post=113"}],"curies":[{"name":"wp","href":"https:\/\/api.w.org\/{rel}","templated":true}]}}