{"id":1121,"date":"2020-11-16T08:53:03","date_gmt":"2020-11-16T06:53:03","guid":{"rendered":"http:\/\/grillhouse.lv\/veikals\/?post_type=product&#038;p=1121"},"modified":"2023-09-18T22:02:08","modified_gmt":"2023-09-18T19:02:08","slug":"traeger-folija-ieliktnu-komplekts-tauku-spainim","status":"publish","type":"product","link":"https:\/\/grillhouse.lv\/veikals\/products\/traeger-folija-ieliktnu-komplekts-tauku-spainim\/","title":{"rendered":"Traeger folija ielikt\u0146u komplekts tauku spainim"},"content":{"rendered":"","protected":false},"excerpt":{"rendered":"<p style=\"text-align: justify;\">Izmantojiet alum\u012bnija trauku tauku sav\u0101c\u0113ja trauk\u0101. Vienk\u0101r\u0161i ievienojiet vienu pirms gril\u0113\u0161anas un nomainiet, kad tas ir pilnas.<\/p>\n<p>Komplekt\u0101 5 folija spain\u012b\u0161i.<\/p>\n","protected":false},"featured_media":1122,"comment_status":"open","ping_status":"closed","template":"","meta":[],"pwb-brand":[163],"product_brand":[],"product_cat":[23,41,37,82,83],"product_tag":[25,42,24],"class_list":{"0":"post-1121","1":"product","2":"type-product","3":"status-publish","4":"has-post-thumbnail","6":"pwb-brand-traeger","7":"product_cat-granulu-grili","8":"product_cat-piederumi","9":"product_cat-tirisanas-lidzekli","10":"product_cat-traeger","11":"product_cat-traeger-piederumi","12":"product_tag-granulu-grili","13":"product_tag-piederumi","14":"product_tag-traeger","15":"thunk-woo-product-list","16":"opn-qv-enable","17":"open-woo-hover-none","18":"open-single-product-tab-horizontal","19":"open-shadow-","20":"open-shadow-hover-","22":"first","23":"onbackorder","24":"taxable","25":"shipping-taxable","26":"purchasable","27":"product-type-simple"},"jetpack-related-posts":[],"jetpack_sharing_enabled":true,"brands":[{"id":163,"name":"Traeger","slug":"traeger"}],"_links":{"self":[{"href":"https:\/\/grillhouse.lv\/veikals\/wp-json\/wp\/v2\/product\/1121","targetHints":{"allow":["GET"]}}],"collection":[{"href":"https:\/\/grillhouse.lv\/veikals\/wp-json\/wp\/v2\/product"}],"about":[{"href":"https:\/\/grillhouse.lv\/veikals\/wp-json\/wp\/v2\/types\/product"}],"replies":[{"embeddable":true,"href":"https:\/\/grillhouse.lv\/veikals\/wp-json\/wp\/v2\/comments?post=1121"}],"wp:featuredmedia":[{"embeddable":true,"href":"https:\/\/grillhouse.lv\/veikals\/wp-json\/wp\/v2\/media\/1122"}],"wp:attachment":[{"href":"https:\/\/grillhouse.lv\/veikals\/wp-json\/wp\/v2\/media?parent=1121"}],"wp:term":[{"taxonomy":"pwb-brand","embeddable":true,"href":"https:\/\/grillhouse.lv\/veikals\/wp-json\/wp\/v2\/pwb-brand?post=1121"},{"taxonomy":"product_brand","embeddable":true,"href":"https:\/\/grillhouse.lv\/veikals\/wp-json\/wp\/v2\/product_brand?post=1121"},{"taxonomy":"product_cat","embeddable":true,"href":"https:\/\/grillhouse.lv\/veikals\/wp-json\/wp\/v2\/product_cat?post=1121"},{"taxonomy":"product_tag","embeddable":true,"href":"https:\/\/grillhouse.lv\/veikals\/wp-json\/wp\/v2\/product_tag?post=1121"}],"curies":[{"name":"wp","href":"https:\/\/api.w.org\/{rel}","templated":true}]}}