{"id":1105,"date":"2020-11-15T18:02:09","date_gmt":"2020-11-15T16:02:09","guid":{"rendered":"http:\/\/grillhouse.lv\/veikals\/?post_type=product&#038;p=1105"},"modified":"2022-12-06T04:12:03","modified_gmt":"2022-12-06T02:12:03","slug":"mes-140b-40in-15-digitala-elektriska-kupinatavas","status":"publish","type":"product","link":"https:\/\/grillhouse.lv\/veikals\/products\/mes-140b-40in-15-digitala-elektriska-kupinatavas\/","title":{"rendered":"Mes 140B &#8211; 40in 1,5 Digit\u0101l\u0101 elektrisk\u0101 k\u016bpin\u0101tavas"},"content":{"rendered":"<p>Platums: 64cm<br \/>\nAugstums: 105cm<br \/>\nGarums: 50cm<\/p>\n","protected":false},"excerpt":{"rendered":"<p style=\"text-align: justify;\">Neatkar\u012bgi no t\u0101, vai esat ies\u0101c\u0113js vai gatavs sacens\u012bb\u0101m, izveidojiet savu piem\u0101jas \u0161edevru bez prop\u0101na g\u0101zes. Termostata temperat\u016bras kontrole uztur temperat\u016bru l\u0113ni k\u016bpin\u0101tam, maigam brisketam. Iestatiet laiku un temperat\u016bru, izmantojot digit\u0101lo vad\u012bbas paneli, un eksperiment\u0113jiet ar gar\u0161u, izmantojot patent\u0113to s\u0101nu \u0161\u0137eldas iekr\u0101v\u0113ju. Apg\u016bstiet k\u016bpin\u0101\u0161anas m\u0101kslu ar Masterbuilt.<\/p>\n","protected":false},"featured_media":1100,"comment_status":"open","ping_status":"closed","template":"","meta":[],"pwb-brand":[159],"product_brand":[],"product_cat":[172,173],"product_tag":[174,77],"class_list":{"0":"post-1105","1":"product","2":"type-product","3":"status-publish","4":"has-post-thumbnail","6":"pwb-brand-masterbuilt","7":"product_cat-kupinatavas","8":"product_cat-masterbuilt-kupinatavas","9":"product_tag-kupinatavas","10":"product_tag-masterbuilt","11":"thunk-woo-product-list","12":"opn-qv-enable","13":"open-woo-hover-none","14":"open-single-product-tab-horizontal","15":"open-shadow-","16":"open-shadow-hover-","18":"first","19":"outofstock","20":"taxable","21":"shipping-taxable","22":"purchasable","23":"product-type-simple"},"jetpack-related-posts":[],"jetpack_sharing_enabled":true,"brands":[{"id":159,"name":"Masterbuilt","slug":"masterbuilt"}],"_links":{"self":[{"href":"https:\/\/grillhouse.lv\/veikals\/wp-json\/wp\/v2\/product\/1105","targetHints":{"allow":["GET"]}}],"collection":[{"href":"https:\/\/grillhouse.lv\/veikals\/wp-json\/wp\/v2\/product"}],"about":[{"href":"https:\/\/grillhouse.lv\/veikals\/wp-json\/wp\/v2\/types\/product"}],"replies":[{"embeddable":true,"href":"https:\/\/grillhouse.lv\/veikals\/wp-json\/wp\/v2\/comments?post=1105"}],"wp:featuredmedia":[{"embeddable":true,"href":"https:\/\/grillhouse.lv\/veikals\/wp-json\/wp\/v2\/media\/1100"}],"wp:attachment":[{"href":"https:\/\/grillhouse.lv\/veikals\/wp-json\/wp\/v2\/media?parent=1105"}],"wp:term":[{"taxonomy":"pwb-brand","embeddable":true,"href":"https:\/\/grillhouse.lv\/veikals\/wp-json\/wp\/v2\/pwb-brand?post=1105"},{"taxonomy":"product_brand","embeddable":true,"href":"https:\/\/grillhouse.lv\/veikals\/wp-json\/wp\/v2\/product_brand?post=1105"},{"taxonomy":"product_cat","embeddable":true,"href":"https:\/\/grillhouse.lv\/veikals\/wp-json\/wp\/v2\/product_cat?post=1105"},{"taxonomy":"product_tag","embeddable":true,"href":"https:\/\/grillhouse.lv\/veikals\/wp-json\/wp\/v2\/product_tag?post=1105"}],"curies":[{"name":"wp","href":"https:\/\/api.w.org\/{rel}","templated":true}]}}