{"id":1089,"date":"2020-11-15T16:56:25","date_gmt":"2020-11-15T14:56:25","guid":{"rendered":"http:\/\/grillhouse.lv\/veikals\/?post_type=product&#038;p=1089"},"modified":"2020-11-28T09:15:07","modified_gmt":"2020-11-28T07:15:07","slug":"rotejosais-iesms-griliem-560-un-1050","status":"publish","type":"product","link":"https:\/\/grillhouse.lv\/veikals\/products\/rotejosais-iesms-griliem-560-un-1050\/","title":{"rendered":"Rot\u0113jo\u0161ais iesms griliem 560 un 1050"},"content":{"rendered":"","protected":false},"excerpt":{"rendered":"<p>Uzlabojiet gatavo\u0161anas pieredzi, izmantojot Masterbuilt\u00ae Gravity Series Rotisserie Kit. Iespaidotais stienis un regul\u0113jamie ga\u013cas nagi satur l\u012bdz 20 m\u0101rci\u0146\u0101m iecien\u012bt\u0101 \u0113diena un \u013cauj tam l\u0113n\u0101m un vienm\u0113r\u012bgi pagatavot virs ogles uzkars\u0113t\u0101m rest\u0113m. Pievienojiet Gravity Series 560 vai 1050 Digital Charcoal Grill + Smoker, lai ieg\u016btu kokog\u013cu arom\u0101tu, kuru vienk\u0101r\u0161i nevar p\u0101rsp\u0113t.<\/p>\n<p>Divi main\u0101mi iesma stie\u0146i<br \/>\nIetver l\u012bdz 20 m\u0101rci\u0146\u0101m iecien\u012bt\u0101 \u0113diena<br \/>\nGa\u013cas nagi tur j\u016bsu iecien\u012bt\u0101ko \u0113dienu<br \/>\nJaud\u012bgs elektromotors<br \/>\nDer Gravity Series 560 un 1050 Digital Charcoal Grill + Smoker<\/p>\n","protected":false},"featured_media":1090,"comment_status":"open","ping_status":"closed","template":"","meta":[],"pwb-brand":[159],"product_brand":[],"product_cat":[48,167],"product_tag":[77,170],"class_list":{"0":"post-1089","1":"product","2":"type-product","3":"status-publish","4":"has-post-thumbnail","6":"pwb-brand-masterbuilt","7":"product_cat-kokoglu-grili","8":"product_cat-masterbuilt-piederumi","9":"product_tag-masterbuilt","10":"product_tag-rotisserie","11":"thunk-woo-product-list","12":"opn-qv-enable","13":"open-woo-hover-none","14":"open-single-product-tab-horizontal","15":"open-shadow-","16":"open-shadow-hover-","18":"first","19":"onbackorder","20":"taxable","21":"shipping-taxable","22":"purchasable","23":"product-type-simple"},"jetpack-related-posts":[],"jetpack_sharing_enabled":true,"brands":[{"id":159,"name":"Masterbuilt","slug":"masterbuilt"}],"_links":{"self":[{"href":"https:\/\/grillhouse.lv\/veikals\/wp-json\/wp\/v2\/product\/1089","targetHints":{"allow":["GET"]}}],"collection":[{"href":"https:\/\/grillhouse.lv\/veikals\/wp-json\/wp\/v2\/product"}],"about":[{"href":"https:\/\/grillhouse.lv\/veikals\/wp-json\/wp\/v2\/types\/product"}],"replies":[{"embeddable":true,"href":"https:\/\/grillhouse.lv\/veikals\/wp-json\/wp\/v2\/comments?post=1089"}],"wp:featuredmedia":[{"embeddable":true,"href":"https:\/\/grillhouse.lv\/veikals\/wp-json\/wp\/v2\/media\/1090"}],"wp:attachment":[{"href":"https:\/\/grillhouse.lv\/veikals\/wp-json\/wp\/v2\/media?parent=1089"}],"wp:term":[{"taxonomy":"pwb-brand","embeddable":true,"href":"https:\/\/grillhouse.lv\/veikals\/wp-json\/wp\/v2\/pwb-brand?post=1089"},{"taxonomy":"product_brand","embeddable":true,"href":"https:\/\/grillhouse.lv\/veikals\/wp-json\/wp\/v2\/product_brand?post=1089"},{"taxonomy":"product_cat","embeddable":true,"href":"https:\/\/grillhouse.lv\/veikals\/wp-json\/wp\/v2\/product_cat?post=1089"},{"taxonomy":"product_tag","embeddable":true,"href":"https:\/\/grillhouse.lv\/veikals\/wp-json\/wp\/v2\/product_tag?post=1089"}],"curies":[{"name":"wp","href":"https:\/\/api.w.org\/{rel}","templated":true}]}}