{"id":1077,"date":"2020-11-15T16:26:33","date_gmt":"2020-11-15T14:26:33","guid":{"rendered":"http:\/\/grillhouse.lv\/veikals\/?post_type=product&#038;p=1077"},"modified":"2025-04-05T11:26:38","modified_gmt":"2025-04-05T08:26:38","slug":"masterbuilt-gravity-800","status":"publish","type":"product","link":"https:\/\/grillhouse.lv\/veikals\/products\/masterbuilt-gravity-800\/","title":{"rendered":"Masterbuilt Gravity 800"},"content":{"rendered":"<p>Sasniedz 225 \u00b0 F 8 min\u016bt\u0113s, 450 \u00b0 F 10 min\u016bt\u0113s vai 700 \u00b0 F 14 min\u016bt\u0113s<br \/>\nIetver plakanu aug\u0161\u0113jo re\u017e\u0123a ieliktni un \u010duguna restes<br \/>\nDigitalFan \u2122 samazina siltuma sv\u0101rst\u012bbas &#8211; uztur temperat\u016bru<br \/>\nKontrol\u0113jiet temperat\u016bru un gatavo\u0161anas laiku, izmantojot digit\u0101lo vad\u012bbas paneli vai ar viedier\u012bces vad\u012bbu, izmantojot WiFi vai Bluetooth<br \/>\nIeb\u016bv\u0113ts temperat\u016bras m\u0113r\u012bt\u0101js un ga\u013cas zondes termometrs perfektu rezult\u0101tu ieg\u016b\u0161anai katru reizi<br \/>\nDivas porcel\u0101na p\u0101rkl\u0101juma sild\u012b\u0161anas \/ sm\u0113\u0137\u0113\u0161anas plaukti, kas paredz kop\u0113jo 800 kvadr\u0101tcentimetru gatavo\u0161anas vietu<br \/>\nSaliekams ner\u016bs\u0113jo\u0161\u0101 t\u0113rauda priek\u0161\u0113jais plaukts papildu sagatavo\u0161anas vietai<br \/>\nIepriek\u0161 pagatavota v\u0101r\u012b\u0161anas virsma<br \/>\nNo\u0146emama tauku paliktnis, lai no\u0137ertu p\u0101rm\u0113r\u012bgu p\u0101rtikas pil\u0113\u0161anu<\/p>\n<p>Platums: 139cm<br \/>\nAugstums: 129cm<br \/>\nGarums: 77cm<\/p>\n","protected":false},"excerpt":{"rendered":"<p style=\"text-align: justify;\">Izmantojot Gravity Series \u2122 800 digit\u0101lo kokog\u013cu grilu + sm\u0113\u0137\u0113t\u0101ju ar Masterbuilt\u00ae re\u017e\u0123i, izbaudiet GravityFed \u2122 kokog\u013cu gril\u0113\u0161anas iesp\u0113jas ar tradicion\u0101l\u0101m rest\u0113m vai pilnu plakanu aug\u0161\u0113jo rest\u012bti. Digit\u0101laj\u0101 vad\u012bbas panel\u012b vai viedier\u012bc\u0113 iestatiet temperat\u016bru, un DigitalFan \u2122 uztur v\u0113lamo gatavo\u0161anas temperat\u016bru. Og\u013cu bunkur\u0101 ir 10 m\u0101rci\u0146as vienreiz\u0113jas kokogles vai 16 m\u0101rci\u0146as briketes l\u012bdz pat 10 stundu ilgai lieto\u0161anai, un smaguma sp\u0113ks nodro\u0161ina past\u0101v\u012bgu degvielas deg\u0161anu. J\u016bs varat sm\u0113\u0137\u0113t, gril\u0113t, pl\u0113st, cept, cept un daudz ko citu.<\/p>\n","protected":false},"featured_media":1080,"comment_status":"open","ping_status":"closed","template":"","meta":[],"pwb-brand":[159],"product_brand":[],"product_cat":[48,89],"product_tag":[50,77],"class_list":{"0":"post-1077","1":"product","2":"type-product","3":"status-publish","4":"has-post-thumbnail","6":"pwb-brand-masterbuilt","7":"product_cat-kokoglu-grili","8":"product_cat-masterbuilt","9":"product_tag-kokoglu-grili","10":"product_tag-masterbuilt","11":"thunk-woo-product-list","12":"opn-qv-enable","13":"open-woo-hover-none","14":"open-single-product-tab-horizontal","15":"open-shadow-","16":"open-shadow-hover-","18":"first","19":"onbackorder","20":"taxable","21":"shipping-taxable","22":"purchasable","23":"product-type-simple"},"jetpack-related-posts":[],"jetpack_sharing_enabled":true,"brands":[{"id":159,"name":"Masterbuilt","slug":"masterbuilt"}],"_links":{"self":[{"href":"https:\/\/grillhouse.lv\/veikals\/wp-json\/wp\/v2\/product\/1077","targetHints":{"allow":["GET"]}}],"collection":[{"href":"https:\/\/grillhouse.lv\/veikals\/wp-json\/wp\/v2\/product"}],"about":[{"href":"https:\/\/grillhouse.lv\/veikals\/wp-json\/wp\/v2\/types\/product"}],"replies":[{"embeddable":true,"href":"https:\/\/grillhouse.lv\/veikals\/wp-json\/wp\/v2\/comments?post=1077"}],"wp:featuredmedia":[{"embeddable":true,"href":"https:\/\/grillhouse.lv\/veikals\/wp-json\/wp\/v2\/media\/1080"}],"wp:attachment":[{"href":"https:\/\/grillhouse.lv\/veikals\/wp-json\/wp\/v2\/media?parent=1077"}],"wp:term":[{"taxonomy":"pwb-brand","embeddable":true,"href":"https:\/\/grillhouse.lv\/veikals\/wp-json\/wp\/v2\/pwb-brand?post=1077"},{"taxonomy":"product_brand","embeddable":true,"href":"https:\/\/grillhouse.lv\/veikals\/wp-json\/wp\/v2\/product_brand?post=1077"},{"taxonomy":"product_cat","embeddable":true,"href":"https:\/\/grillhouse.lv\/veikals\/wp-json\/wp\/v2\/product_cat?post=1077"},{"taxonomy":"product_tag","embeddable":true,"href":"https:\/\/grillhouse.lv\/veikals\/wp-json\/wp\/v2\/product_tag?post=1077"}],"curies":[{"name":"wp","href":"https:\/\/api.w.org\/{rel}","templated":true}]}}