{"id":1070,"date":"2020-11-15T16:18:35","date_gmt":"2020-11-15T14:18:35","guid":{"rendered":"http:\/\/grillhouse.lv\/veikals\/?post_type=product&#038;p=1070"},"modified":"2024-04-15T16:36:15","modified_gmt":"2024-04-15T13:36:15","slug":"masterbulit-gravity-1050","status":"publish","type":"product","link":"https:\/\/grillhouse.lv\/veikals\/products\/masterbulit-gravity-1050\/","title":{"rendered":"Masterbulit Gravity 1050"},"content":{"rendered":"<p style=\"text-align: justify;\">Sasniedz 225 \u00b0 F 10 min\u016bt\u0113s vai 700 \u00b0 F 15 min\u016bt\u0113s<br \/>\nKontrol\u0113jiet temperat\u016bru un gatavo\u0161anas laiku, izmantojot digit\u0101lo vad\u012bbas paneli vai ar viedier\u012bces vad\u012bbu, izmantojot WiFi vai Bluetooth<br \/>\nDigitalFan \u2122 prec\u012bzai temperat\u016bras kontrolei<br \/>\nGravityFed \u2122 tvertne ir 10 m\u0101rci\u0146as. vienreiz\u0113jas ogles vai 16 m\u0101rci\u0146as. briketes l\u012bdz 8 stund\u0101m lieto\u0161anas<br \/>\n\u0112rta salok\u0101ma vadu novieto\u0161ana s\u0101nu plaukta aizmugur\u0113, lai nov\u0113rstu str\u0101vas padeves zudumus vai boj\u0101jumus<br \/>\nSaliekamais ner\u016bs\u0113jo\u0161\u0101 t\u0113rauda plaukts un ner\u016bs\u0113jo\u0161\u0101 t\u0113rauda s\u0101nu plaukts papildu sagatavo\u0161anas vietai<br \/>\nIeb\u016bv\u0113ts temperat\u016bras m\u0113r\u012bt\u0101js un ga\u013cas zondes termometrs perfektu rezult\u0101tu ieg\u016b\u0161anai katru reizi<br \/>\nIetver atgriezeniskus d\u016bmus + \u010duguna re\u017e\u0123us zemai un l\u0113nai sm\u0113\u0137\u0113\u0161anai vai karstai iesild\u012b\u0161anai<br \/>\nIetver 1 gada garantiju<\/p>\n<p>Modelis MB20041220<br \/>\nPlatums: 155cm<br \/>\nAugstums: 132cm<br \/>\nGarums: 84cm<\/p>\n","protected":false},"excerpt":{"rendered":"<p style=\"text-align: justify;\">Izmantojot Masterbuilt Gravity Series \u2122 1050 digit\u0101lo kokog\u013cu grilu + sm\u0113\u0137\u0113t\u0101ju, j\u016bs varat sm\u0113\u0137\u0113t, gril\u0113t, pl\u0113st, cept, cept un daudz ko citu. Digit\u0101laj\u0101 vad\u012bbas panel\u012b vai viedier\u012bc\u0113 iestatiet temperat\u016bru, un DigitalFan \u2122 uztur v\u0113lamo gatavo\u0161anas temperat\u016bru. GravityFed \u2122 kokog\u013cu tvertne satur l\u012bdz pat 8 stund\u0101m kokog\u013cu, un gravit\u0101cija nodro\u0161ina, ka jums ir past\u0101v\u012bga degviela ugunij. Atgriezenisk\u0101s d\u016bmu + pl\u0113ves \u010duguna restes un FoldAway \u2122 sild\u012b\u0161anas + sm\u0113\u0137\u0113\u0161anas plaukti kop\u0101 veido 1050 kvadr\u0101tcollas gatavo\u0161anas vietas. Apg\u016bstiet og\u013cu gril\u0113\u0161anas un sm\u0113\u0137\u0113\u0161anas m\u0101kslu ar Masterbuilt.<\/p>\n","protected":false},"featured_media":1076,"comment_status":"open","ping_status":"closed","template":"","meta":[],"pwb-brand":[159],"product_brand":[],"product_cat":[48,89],"product_tag":[50,77],"class_list":{"0":"post-1070","1":"product","2":"type-product","3":"status-publish","4":"has-post-thumbnail","6":"pwb-brand-masterbuilt","7":"product_cat-kokoglu-grili","8":"product_cat-masterbuilt","9":"product_tag-kokoglu-grili","10":"product_tag-masterbuilt","11":"thunk-woo-product-list","12":"opn-qv-enable","13":"open-woo-hover-none","14":"open-single-product-tab-horizontal","15":"open-shadow-","16":"open-shadow-hover-","18":"first","19":"onbackorder","20":"taxable","21":"shipping-taxable","22":"purchasable","23":"product-type-simple"},"jetpack-related-posts":[],"jetpack_sharing_enabled":true,"brands":[{"id":159,"name":"Masterbuilt","slug":"masterbuilt"}],"_links":{"self":[{"href":"https:\/\/grillhouse.lv\/veikals\/wp-json\/wp\/v2\/product\/1070","targetHints":{"allow":["GET"]}}],"collection":[{"href":"https:\/\/grillhouse.lv\/veikals\/wp-json\/wp\/v2\/product"}],"about":[{"href":"https:\/\/grillhouse.lv\/veikals\/wp-json\/wp\/v2\/types\/product"}],"replies":[{"embeddable":true,"href":"https:\/\/grillhouse.lv\/veikals\/wp-json\/wp\/v2\/comments?post=1070"}],"wp:featuredmedia":[{"embeddable":true,"href":"https:\/\/grillhouse.lv\/veikals\/wp-json\/wp\/v2\/media\/1076"}],"wp:attachment":[{"href":"https:\/\/grillhouse.lv\/veikals\/wp-json\/wp\/v2\/media?parent=1070"}],"wp:term":[{"taxonomy":"pwb-brand","embeddable":true,"href":"https:\/\/grillhouse.lv\/veikals\/wp-json\/wp\/v2\/pwb-brand?post=1070"},{"taxonomy":"product_brand","embeddable":true,"href":"https:\/\/grillhouse.lv\/veikals\/wp-json\/wp\/v2\/product_brand?post=1070"},{"taxonomy":"product_cat","embeddable":true,"href":"https:\/\/grillhouse.lv\/veikals\/wp-json\/wp\/v2\/product_cat?post=1070"},{"taxonomy":"product_tag","embeddable":true,"href":"https:\/\/grillhouse.lv\/veikals\/wp-json\/wp\/v2\/product_tag?post=1070"}],"curies":[{"name":"wp","href":"https:\/\/api.w.org\/{rel}","templated":true}]}}