{"id":1048,"date":"2020-11-13T12:01:17","date_gmt":"2020-11-13T10:01:17","guid":{"rendered":"http:\/\/grillhouse.lv\/veikals\/?post_type=product&#038;p=1048"},"modified":"2024-03-14T20:44:23","modified_gmt":"2024-03-14T18:44:23","slug":"hikori-koksnes-gabali","status":"publish","type":"product","link":"https:\/\/grillhouse.lv\/veikals\/products\/hikori-koksnes-gabali\/","title":{"rendered":"Hikori koksnes gabali"},"content":{"rendered":"","protected":false},"excerpt":{"rendered":"<p style=\"text-align: justify;\">Hikori k\u016bpin\u0101\u0161anas koka gabali rada saldu, tom\u0113r sp\u0113c\u012bgu bekona gar\u0161u; d\u016bmi var b\u016bt asi, bet gandr\u012bz visiem ga\u013cas izcirt\u0146iem tas pie\u0161\u0137ir jauku, sp\u0113c\u012bgu gar\u0161u, ta\u010du tas ir \u012bpa\u0161i popul\u0101rs c\u016bkga\u013cas un ribi\u0146u vid\u016b.<\/p>\n","protected":false},"featured_media":1039,"comment_status":"open","ping_status":"closed","template":"","meta":[],"pwb-brand":[149],"product_brand":[],"product_cat":[140,195,133,48,188,41],"product_tag":[142,146,145],"class_list":{"0":"post-1048","1":"product","2":"type-product","3":"status-publish","4":"has-post-thumbnail","6":"pwb-brand-kamado-joe","7":"product_cat-dumiem","8":"product_cat-kamado-joe-koksnes-gabali","9":"product_cat-kamado-joe-piederumi","10":"product_cat-kokoglu-grili","11":"product_cat-kupinatavam-skaidas-cipsi-koksnes-gabali","12":"product_cat-piederumi","13":"product_tag-dumiem","14":"product_tag-hockory","15":"product_tag-komando-joe","16":"thunk-woo-product-list","17":"opn-qv-enable","18":"open-woo-hover-none","19":"open-single-product-tab-horizontal","20":"open-shadow-","21":"open-shadow-hover-","23":"first","24":"onbackorder","25":"taxable","26":"shipping-taxable","27":"purchasable","28":"product-type-simple"},"jetpack-related-posts":[],"jetpack_sharing_enabled":true,"brands":[{"id":149,"name":"Kamado Joe","slug":"kamado-joe"}],"_links":{"self":[{"href":"https:\/\/grillhouse.lv\/veikals\/wp-json\/wp\/v2\/product\/1048","targetHints":{"allow":["GET"]}}],"collection":[{"href":"https:\/\/grillhouse.lv\/veikals\/wp-json\/wp\/v2\/product"}],"about":[{"href":"https:\/\/grillhouse.lv\/veikals\/wp-json\/wp\/v2\/types\/product"}],"replies":[{"embeddable":true,"href":"https:\/\/grillhouse.lv\/veikals\/wp-json\/wp\/v2\/comments?post=1048"}],"wp:featuredmedia":[{"embeddable":true,"href":"https:\/\/grillhouse.lv\/veikals\/wp-json\/wp\/v2\/media\/1039"}],"wp:attachment":[{"href":"https:\/\/grillhouse.lv\/veikals\/wp-json\/wp\/v2\/media?parent=1048"}],"wp:term":[{"taxonomy":"pwb-brand","embeddable":true,"href":"https:\/\/grillhouse.lv\/veikals\/wp-json\/wp\/v2\/pwb-brand?post=1048"},{"taxonomy":"product_brand","embeddable":true,"href":"https:\/\/grillhouse.lv\/veikals\/wp-json\/wp\/v2\/product_brand?post=1048"},{"taxonomy":"product_cat","embeddable":true,"href":"https:\/\/grillhouse.lv\/veikals\/wp-json\/wp\/v2\/product_cat?post=1048"},{"taxonomy":"product_tag","embeddable":true,"href":"https:\/\/grillhouse.lv\/veikals\/wp-json\/wp\/v2\/product_tag?post=1048"}],"curies":[{"name":"wp","href":"https:\/\/api.w.org\/{rel}","templated":true}]}}