{"id":1047,"date":"2020-11-13T11:58:44","date_gmt":"2020-11-13T09:58:44","guid":{"rendered":"http:\/\/grillhouse.lv\/veikals\/?post_type=product&#038;p=1047"},"modified":"2023-03-02T12:56:08","modified_gmt":"2023-03-02T10:56:08","slug":"klavas-koksnes-gabali","status":"publish","type":"product","link":"https:\/\/grillhouse.lv\/veikals\/products\/klavas-koksnes-gabali\/","title":{"rendered":"K\u013cavas koksnes gabali"},"content":{"rendered":"","protected":false},"excerpt":{"rendered":"<p style=\"text-align: justify;\">Kr\u0101sn\u012b kalt\u0113tiem k\u013cavas koka gabali\u0146iem ir maiga un nedaudz salda gar\u0161a. Izmantojiet k\u013cavas koku ar m\u0101jputniem un maziem med\u012bjamiem putniem. D\u0101rze\u0146us un sierus bie\u017ei gril\u0113 ar k\u013cavu.<\/p>\n","protected":false},"featured_media":1040,"comment_status":"open","ping_status":"closed","template":"","meta":[],"pwb-brand":[149],"product_brand":[],"product_cat":[140,195,133,48,188,41],"product_tag":[142,78,144],"class_list":{"0":"post-1047","1":"product","2":"type-product","3":"status-publish","4":"has-post-thumbnail","6":"pwb-brand-kamado-joe","7":"product_cat-dumiem","8":"product_cat-kamado-joe-koksnes-gabali","9":"product_cat-kamado-joe-piederumi","10":"product_cat-kokoglu-grili","11":"product_cat-kupinatavam-skaidas-cipsi-koksnes-gabali","12":"product_cat-piederumi","13":"product_tag-dumiem","14":"product_tag-kamado-joe","15":"product_tag-klava","16":"thunk-woo-product-list","17":"opn-qv-enable","18":"open-woo-hover-none","19":"open-single-product-tab-horizontal","20":"open-shadow-","21":"open-shadow-hover-","23":"first","24":"onbackorder","25":"taxable","26":"shipping-taxable","27":"purchasable","28":"product-type-simple"},"jetpack-related-posts":[],"jetpack_sharing_enabled":true,"brands":[{"id":149,"name":"Kamado Joe","slug":"kamado-joe"}],"_links":{"self":[{"href":"https:\/\/grillhouse.lv\/veikals\/wp-json\/wp\/v2\/product\/1047","targetHints":{"allow":["GET"]}}],"collection":[{"href":"https:\/\/grillhouse.lv\/veikals\/wp-json\/wp\/v2\/product"}],"about":[{"href":"https:\/\/grillhouse.lv\/veikals\/wp-json\/wp\/v2\/types\/product"}],"replies":[{"embeddable":true,"href":"https:\/\/grillhouse.lv\/veikals\/wp-json\/wp\/v2\/comments?post=1047"}],"wp:featuredmedia":[{"embeddable":true,"href":"https:\/\/grillhouse.lv\/veikals\/wp-json\/wp\/v2\/media\/1040"}],"wp:attachment":[{"href":"https:\/\/grillhouse.lv\/veikals\/wp-json\/wp\/v2\/media?parent=1047"}],"wp:term":[{"taxonomy":"pwb-brand","embeddable":true,"href":"https:\/\/grillhouse.lv\/veikals\/wp-json\/wp\/v2\/pwb-brand?post=1047"},{"taxonomy":"product_brand","embeddable":true,"href":"https:\/\/grillhouse.lv\/veikals\/wp-json\/wp\/v2\/product_brand?post=1047"},{"taxonomy":"product_cat","embeddable":true,"href":"https:\/\/grillhouse.lv\/veikals\/wp-json\/wp\/v2\/product_cat?post=1047"},{"taxonomy":"product_tag","embeddable":true,"href":"https:\/\/grillhouse.lv\/veikals\/wp-json\/wp\/v2\/product_tag?post=1047"}],"curies":[{"name":"wp","href":"https:\/\/api.w.org\/{rel}","templated":true}]}}