{"id":1044,"date":"2020-11-13T11:54:45","date_gmt":"2020-11-13T09:54:45","guid":{"rendered":"http:\/\/grillhouse.lv\/veikals\/?post_type=product&#038;p=1044"},"modified":"2024-03-14T20:44:23","modified_gmt":"2024-03-14T18:44:23","slug":"ozolkoka-koksnes-gabali","status":"publish","type":"product","link":"https:\/\/grillhouse.lv\/veikals\/products\/ozolkoka-koksnes-gabali\/","title":{"rendered":"Ozolkoka koksnes gabali"},"content":{"rendered":"","protected":false},"excerpt":{"rendered":"<p style=\"text-align: justify;\">Ozola koka gabali pie\u0161\u0137ir vid\u0113ji d\u016bmu arom\u0101tu, kas ir sp\u0113c\u012bg\u0101ks par \u0101boliem un \u0137ir\u0161iem, bet gai\u0161\u0101ks par hikoriju un mesk\u012btu. Tas pats par sevi ir lieliski, bet darbojas labi, sajaucot ar \u0101bolu, \u0137ir\u0161u vai hikorijas me\u017eu. Ozola koka gabali labi darbojas gandr\u012bz jebkur\u0101 ga\u013c\u0101.<\/p>\n","protected":false},"featured_media":1041,"comment_status":"open","ping_status":"closed","template":"","meta":[],"pwb-brand":[149],"product_brand":[],"product_cat":[140,195,133,48,188,41],"product_tag":[142,78,143],"class_list":{"0":"post-1044","1":"product","2":"type-product","3":"status-publish","4":"has-post-thumbnail","6":"pwb-brand-kamado-joe","7":"product_cat-dumiem","8":"product_cat-kamado-joe-koksnes-gabali","9":"product_cat-kamado-joe-piederumi","10":"product_cat-kokoglu-grili","11":"product_cat-kupinatavam-skaidas-cipsi-koksnes-gabali","12":"product_cat-piederumi","13":"product_tag-dumiem","14":"product_tag-kamado-joe","15":"product_tag-ozols","16":"thunk-woo-product-list","17":"opn-qv-enable","18":"open-woo-hover-none","19":"open-single-product-tab-horizontal","20":"open-shadow-","21":"open-shadow-hover-","23":"first","24":"onbackorder","25":"taxable","26":"shipping-taxable","27":"purchasable","28":"product-type-simple"},"jetpack-related-posts":[],"jetpack_sharing_enabled":true,"brands":[{"id":149,"name":"Kamado Joe","slug":"kamado-joe"}],"_links":{"self":[{"href":"https:\/\/grillhouse.lv\/veikals\/wp-json\/wp\/v2\/product\/1044","targetHints":{"allow":["GET"]}}],"collection":[{"href":"https:\/\/grillhouse.lv\/veikals\/wp-json\/wp\/v2\/product"}],"about":[{"href":"https:\/\/grillhouse.lv\/veikals\/wp-json\/wp\/v2\/types\/product"}],"replies":[{"embeddable":true,"href":"https:\/\/grillhouse.lv\/veikals\/wp-json\/wp\/v2\/comments?post=1044"}],"wp:featuredmedia":[{"embeddable":true,"href":"https:\/\/grillhouse.lv\/veikals\/wp-json\/wp\/v2\/media\/1041"}],"wp:attachment":[{"href":"https:\/\/grillhouse.lv\/veikals\/wp-json\/wp\/v2\/media?parent=1044"}],"wp:term":[{"taxonomy":"pwb-brand","embeddable":true,"href":"https:\/\/grillhouse.lv\/veikals\/wp-json\/wp\/v2\/pwb-brand?post=1044"},{"taxonomy":"product_brand","embeddable":true,"href":"https:\/\/grillhouse.lv\/veikals\/wp-json\/wp\/v2\/product_brand?post=1044"},{"taxonomy":"product_cat","embeddable":true,"href":"https:\/\/grillhouse.lv\/veikals\/wp-json\/wp\/v2\/product_cat?post=1044"},{"taxonomy":"product_tag","embeddable":true,"href":"https:\/\/grillhouse.lv\/veikals\/wp-json\/wp\/v2\/product_tag?post=1044"}],"curies":[{"name":"wp","href":"https:\/\/api.w.org\/{rel}","templated":true}]}}