{"id":1043,"date":"2020-11-13T11:52:13","date_gmt":"2020-11-13T09:52:13","guid":{"rendered":"http:\/\/grillhouse.lv\/veikals\/?post_type=product&#038;p=1043"},"modified":"2020-12-03T15:59:12","modified_gmt":"2020-12-03T13:59:12","slug":"pekanrieksta-koksnes-gabali","status":"publish","type":"product","link":"https:\/\/grillhouse.lv\/veikals\/products\/pekanrieksta-koksnes-gabali\/","title":{"rendered":"Pekanrieksta koksnes gabali"},"content":{"rendered":"","protected":false},"excerpt":{"rendered":"<p style=\"text-align: justify;\">Pekanrieksts ir labs vistas ga\u013cai, ziv\u012bm un rib\u0101m. \u0160ie gabali ir kalt\u0113ti gais\u0101, kas noz\u012bm\u0113, ka tiek saglab\u0101ti dabiskie cukuri, dodot sald\u0101ku, gar\u0161\u012bg\u0101ku arom\u0101tu nek\u0101 kr\u0101sn\u012b kalt\u0113ti gabali<\/p>\n","protected":false},"featured_media":1042,"comment_status":"open","ping_status":"closed","template":"","meta":[],"pwb-brand":[149],"product_brand":[],"product_cat":[140,195,133,48,188,41],"product_tag":[142,78,141],"class_list":{"0":"post-1043","1":"product","2":"type-product","3":"status-publish","4":"has-post-thumbnail","6":"pwb-brand-kamado-joe","7":"product_cat-dumiem","8":"product_cat-kamado-joe-koksnes-gabali","9":"product_cat-kamado-joe-piederumi","10":"product_cat-kokoglu-grili","11":"product_cat-kupinatavam-skaidas-cipsi-koksnes-gabali","12":"product_cat-piederumi","13":"product_tag-dumiem","14":"product_tag-kamado-joe","15":"product_tag-pekanrieksts","16":"thunk-woo-product-list","17":"opn-qv-enable","18":"open-woo-hover-none","19":"open-single-product-tab-horizontal","20":"open-shadow-","21":"open-shadow-hover-","23":"first","24":"onbackorder","25":"taxable","26":"shipping-taxable","27":"purchasable","28":"product-type-simple"},"jetpack-related-posts":[],"jetpack_sharing_enabled":true,"brands":[{"id":149,"name":"Kamado Joe","slug":"kamado-joe"}],"_links":{"self":[{"href":"https:\/\/grillhouse.lv\/veikals\/wp-json\/wp\/v2\/product\/1043","targetHints":{"allow":["GET"]}}],"collection":[{"href":"https:\/\/grillhouse.lv\/veikals\/wp-json\/wp\/v2\/product"}],"about":[{"href":"https:\/\/grillhouse.lv\/veikals\/wp-json\/wp\/v2\/types\/product"}],"replies":[{"embeddable":true,"href":"https:\/\/grillhouse.lv\/veikals\/wp-json\/wp\/v2\/comments?post=1043"}],"wp:featuredmedia":[{"embeddable":true,"href":"https:\/\/grillhouse.lv\/veikals\/wp-json\/wp\/v2\/media\/1042"}],"wp:attachment":[{"href":"https:\/\/grillhouse.lv\/veikals\/wp-json\/wp\/v2\/media?parent=1043"}],"wp:term":[{"taxonomy":"pwb-brand","embeddable":true,"href":"https:\/\/grillhouse.lv\/veikals\/wp-json\/wp\/v2\/pwb-brand?post=1043"},{"taxonomy":"product_brand","embeddable":true,"href":"https:\/\/grillhouse.lv\/veikals\/wp-json\/wp\/v2\/product_brand?post=1043"},{"taxonomy":"product_cat","embeddable":true,"href":"https:\/\/grillhouse.lv\/veikals\/wp-json\/wp\/v2\/product_cat?post=1043"},{"taxonomy":"product_tag","embeddable":true,"href":"https:\/\/grillhouse.lv\/veikals\/wp-json\/wp\/v2\/product_tag?post=1043"}],"curies":[{"name":"wp","href":"https:\/\/api.w.org\/{rel}","templated":true}]}}