{"id":1035,"date":"2020-11-13T11:34:57","date_gmt":"2020-11-13T09:34:57","guid":{"rendered":"http:\/\/grillhouse.lv\/veikals\/?post_type=product&#038;p=1035"},"modified":"2024-04-15T16:36:15","modified_gmt":"2024-04-15T13:36:15","slug":"kamado-joe-kokogles","status":"publish","type":"product","link":"https:\/\/grillhouse.lv\/veikals\/products\/kamado-joe-kokogles\/","title":{"rendered":"Kamado Joe kokogles"},"content":{"rendered":"<p>Svars: 9.07 kg<\/p>\n","protected":false},"excerpt":{"rendered":"<p>Uguns un d\u016bmi ir divas neticam\u0101s kamado gatavo\u0161anas rakstur\u012bg\u0101s iez\u012bmes. Kamado Joe Big Block XL vienreiz\u0113ju kokogli ir izstr\u0101d\u0101ju\u0161i Argent\u012bnas amatnieki, lai rad\u012btu kokogles, kas ir ne tikai iev\u0113rojami liel\u0101kas, bet ar\u012b iev\u0113rojami lab\u0101kas &#8211; lab\u0101ki deg\u0161anas laiki, lab\u0101ka gar\u0161a, lab\u0101ki d\u016bmi. M\u016bsu izcilo degvielu un r\u012bku kl\u0101sts, kas ir ide\u0101li piem\u0113rots uzticam\u012bbai un nemain\u012bgai kvalit\u0101tei, atvieglo Kamado Joe Grill deg\u0161anu un gar\u0161u.<\/p>\n","protected":false},"featured_media":1036,"comment_status":"open","ping_status":"closed","template":"","meta":[],"pwb-brand":[149],"product_brand":[],"product_cat":[71],"product_tag":[78,73],"class_list":{"0":"post-1035","1":"product","2":"type-product","3":"status-publish","4":"has-post-thumbnail","6":"pwb-brand-kamado-joe","7":"product_cat-kokogles","8":"product_tag-kamado-joe","9":"product_tag-kokogles","10":"thunk-woo-product-list","11":"opn-qv-enable","12":"open-woo-hover-none","13":"open-single-product-tab-horizontal","14":"open-shadow-","15":"open-shadow-hover-","17":"first","18":"onbackorder","19":"taxable","20":"shipping-taxable","21":"purchasable","22":"product-type-simple"},"jetpack-related-posts":[],"jetpack_sharing_enabled":true,"brands":[{"id":149,"name":"Kamado Joe","slug":"kamado-joe"}],"_links":{"self":[{"href":"https:\/\/grillhouse.lv\/veikals\/wp-json\/wp\/v2\/product\/1035","targetHints":{"allow":["GET"]}}],"collection":[{"href":"https:\/\/grillhouse.lv\/veikals\/wp-json\/wp\/v2\/product"}],"about":[{"href":"https:\/\/grillhouse.lv\/veikals\/wp-json\/wp\/v2\/types\/product"}],"replies":[{"embeddable":true,"href":"https:\/\/grillhouse.lv\/veikals\/wp-json\/wp\/v2\/comments?post=1035"}],"wp:featuredmedia":[{"embeddable":true,"href":"https:\/\/grillhouse.lv\/veikals\/wp-json\/wp\/v2\/media\/1036"}],"wp:attachment":[{"href":"https:\/\/grillhouse.lv\/veikals\/wp-json\/wp\/v2\/media?parent=1035"}],"wp:term":[{"taxonomy":"pwb-brand","embeddable":true,"href":"https:\/\/grillhouse.lv\/veikals\/wp-json\/wp\/v2\/pwb-brand?post=1035"},{"taxonomy":"product_brand","embeddable":true,"href":"https:\/\/grillhouse.lv\/veikals\/wp-json\/wp\/v2\/product_brand?post=1035"},{"taxonomy":"product_cat","embeddable":true,"href":"https:\/\/grillhouse.lv\/veikals\/wp-json\/wp\/v2\/product_cat?post=1035"},{"taxonomy":"product_tag","embeddable":true,"href":"https:\/\/grillhouse.lv\/veikals\/wp-json\/wp\/v2\/product_tag?post=1035"}],"curies":[{"name":"wp","href":"https:\/\/api.w.org\/{rel}","templated":true}]}}