{"id":1024,"date":"2020-11-13T11:03:40","date_gmt":"2020-11-13T09:03:40","guid":{"rendered":"http:\/\/grillhouse.lv\/veikals\/?post_type=product&#038;p=1024"},"modified":"2022-04-12T21:06:32","modified_gmt":"2022-04-12T18:06:32","slug":"parvalks-grilam-big-joe-stand-alone","status":"publish","type":"product","link":"https:\/\/grillhouse.lv\/veikals\/products\/parvalks-grilam-big-joe-stand-alone\/","title":{"rendered":"P\u0101rvalks grilam &#8211; Big Joe &#8211; Stand Alone"},"content":{"rendered":"","protected":false},"excerpt":{"rendered":"<p>Izmantojiet visas ieb\u016bv\u0113t\u0101s Kamado Joe grila iesp\u0113jas, izmantojot Kamado Joe Dome Cover. \u0160is iztur\u012bgais, \u016bdensiztur\u012bgais apvalks aizsarg\u0101 j\u016bsu grila kupolu no dabai kait\u012bg\u0101kajiem elementiem. Pateicoties 100% ar \u0161\u0137\u012bdumu kr\u0101sotai poliestera konstrukcijai, tas nodro\u0161ina j\u016bsu grila aug\u0161da\u013cas dro\u0161\u012bbu gan no laika apst\u0101k\u013ciem, gan saules.<br \/>\nIzvair\u0101s no m\u0101tes dabas<br \/>\nKupola garuma v\u0101ks ieb\u016bv\u0113tiem griliem<br \/>\nPoliestera konstrukcija &#8211; r\u016bpniecisks stipr\u012bbas audums, p\u0101rbaud\u012bta kvalit\u0101te<br \/>\n\u016adensiztur\u012bgs<br \/>\nCie\u0161i piegu\u013c Kamado D\u017eo domei, lai tur\u0113tos v\u0113jain\u0101 laik\u0101<br \/>\nL\u0101pstas rokturis \u0113rtai novieto\u0161anai un no\u0146em\u0161anai<\/p>\n","protected":false},"featured_media":1027,"comment_status":"open","ping_status":"closed","template":"","meta":[],"pwb-brand":[149],"product_brand":[],"product_cat":[137,133,48,18],"product_tag":[78,138],"class_list":{"0":"post-1024","1":"product","2":"type-product","3":"status-publish","4":"has-post-thumbnail","6":"pwb-brand-kamado-joe","7":"product_cat-kamado-joe-parvalki","8":"product_cat-kamado-joe-piederumi","9":"product_cat-kokoglu-grili","10":"product_cat-parvalki","11":"product_tag-kamado-joe","12":"product_tag-parvalki","13":"thunk-woo-product-list","14":"opn-qv-enable","15":"open-woo-hover-none","16":"open-single-product-tab-horizontal","17":"open-shadow-","18":"open-shadow-hover-","20":"first","21":"onbackorder","22":"taxable","23":"shipping-taxable","24":"purchasable","25":"product-type-simple"},"jetpack-related-posts":[],"jetpack_sharing_enabled":true,"brands":[{"id":149,"name":"Kamado Joe","slug":"kamado-joe"}],"_links":{"self":[{"href":"https:\/\/grillhouse.lv\/veikals\/wp-json\/wp\/v2\/product\/1024","targetHints":{"allow":["GET"]}}],"collection":[{"href":"https:\/\/grillhouse.lv\/veikals\/wp-json\/wp\/v2\/product"}],"about":[{"href":"https:\/\/grillhouse.lv\/veikals\/wp-json\/wp\/v2\/types\/product"}],"replies":[{"embeddable":true,"href":"https:\/\/grillhouse.lv\/veikals\/wp-json\/wp\/v2\/comments?post=1024"}],"wp:featuredmedia":[{"embeddable":true,"href":"https:\/\/grillhouse.lv\/veikals\/wp-json\/wp\/v2\/media\/1027"}],"wp:attachment":[{"href":"https:\/\/grillhouse.lv\/veikals\/wp-json\/wp\/v2\/media?parent=1024"}],"wp:term":[{"taxonomy":"pwb-brand","embeddable":true,"href":"https:\/\/grillhouse.lv\/veikals\/wp-json\/wp\/v2\/pwb-brand?post=1024"},{"taxonomy":"product_brand","embeddable":true,"href":"https:\/\/grillhouse.lv\/veikals\/wp-json\/wp\/v2\/product_brand?post=1024"},{"taxonomy":"product_cat","embeddable":true,"href":"https:\/\/grillhouse.lv\/veikals\/wp-json\/wp\/v2\/product_cat?post=1024"},{"taxonomy":"product_tag","embeddable":true,"href":"https:\/\/grillhouse.lv\/veikals\/wp-json\/wp\/v2\/product_tag?post=1024"}],"curies":[{"name":"wp","href":"https:\/\/api.w.org\/{rel}","templated":true}]}}