{"id":102,"date":"2020-07-12T19:44:46","date_gmt":"2020-07-12T16:44:46","guid":{"rendered":"http:\/\/grillhouse.lv\/veikals\/?post_type=product&#038;p=102"},"modified":"2023-08-04T13:49:10","modified_gmt":"2023-08-04T10:49:10","slug":"click-on-reduktora-ar-sluteni","status":"publish","type":"product","link":"https:\/\/grillhouse.lv\/veikals\/products\/click-on-reduktora-ar-sluteni\/","title":{"rendered":"Click-on reduktora ar \u0161\u013c\u016bteni"},"content":{"rendered":"","protected":false},"excerpt":{"rendered":"<p>30 mbar<\/p>\n","protected":false},"featured_media":700,"comment_status":"open","ping_status":"closed","template":"","meta":[],"pwb-brand":[165],"product_brand":[],"product_cat":[20],"product_tag":[26,21],"class_list":{"0":"post-102","1":"product","2":"type-product","3":"status-publish","4":"has-post-thumbnail","6":"pwb-brand-linde-gas","7":"product_cat-gaze-un-reduktori","8":"product_tag-gazes-grili","9":"product_tag-reduktors","10":"thunk-woo-product-list","11":"opn-qv-enable","12":"open-woo-hover-none","13":"open-single-product-tab-horizontal","14":"open-shadow-","15":"open-shadow-hover-","17":"first","18":"outofstock","19":"taxable","20":"shipping-taxable","21":"purchasable","22":"product-type-simple"},"jetpack-related-posts":[],"jetpack_sharing_enabled":true,"brands":[{"id":165,"name":"Linde Gas","slug":"linde-gas"}],"_links":{"self":[{"href":"https:\/\/grillhouse.lv\/veikals\/wp-json\/wp\/v2\/product\/102","targetHints":{"allow":["GET"]}}],"collection":[{"href":"https:\/\/grillhouse.lv\/veikals\/wp-json\/wp\/v2\/product"}],"about":[{"href":"https:\/\/grillhouse.lv\/veikals\/wp-json\/wp\/v2\/types\/product"}],"replies":[{"embeddable":true,"href":"https:\/\/grillhouse.lv\/veikals\/wp-json\/wp\/v2\/comments?post=102"}],"wp:featuredmedia":[{"embeddable":true,"href":"https:\/\/grillhouse.lv\/veikals\/wp-json\/wp\/v2\/media\/700"}],"wp:attachment":[{"href":"https:\/\/grillhouse.lv\/veikals\/wp-json\/wp\/v2\/media?parent=102"}],"wp:term":[{"taxonomy":"pwb-brand","embeddable":true,"href":"https:\/\/grillhouse.lv\/veikals\/wp-json\/wp\/v2\/pwb-brand?post=102"},{"taxonomy":"product_brand","embeddable":true,"href":"https:\/\/grillhouse.lv\/veikals\/wp-json\/wp\/v2\/product_brand?post=102"},{"taxonomy":"product_cat","embeddable":true,"href":"https:\/\/grillhouse.lv\/veikals\/wp-json\/wp\/v2\/product_cat?post=102"},{"taxonomy":"product_tag","embeddable":true,"href":"https:\/\/grillhouse.lv\/veikals\/wp-json\/wp\/v2\/product_tag?post=102"}],"curies":[{"name":"wp","href":"https:\/\/api.w.org\/{rel}","templated":true}]}}