{"id":1014,"date":"2020-11-13T10:24:55","date_gmt":"2020-11-13T08:24:55","guid":{"rendered":"http:\/\/grillhouse.lv\/veikals\/?post_type=product&#038;p=1014"},"modified":"2020-11-28T09:19:25","modified_gmt":"2020-11-28T07:19:25","slug":"doejoe-classic-joe","status":"publish","type":"product","link":"https:\/\/grillhouse.lv\/veikals\/products\/doejoe-classic-joe\/","title":{"rendered":"DoeJoe &#8211; Classic Joe"},"content":{"rendered":"","protected":false},"excerpt":{"rendered":"<p>Viens no jaun\u0101kajiem jaunumiem &#8211; iztur\u012bgais alum\u012bnija lietais D\u014dJoe p\u0101rveido j\u016bsu Kamado D\u017eo par lab\u0101ko sav\u0101 klas\u0113 picu kr\u0101sni. Ide\u0101li piem\u0113rots gan ies\u0101c\u0113jiem, gan \u0161efpav\u0101riem. D\u014dJoe rakstur\u012bg\u0101 \u0137\u012b\u013cveida forma nodro\u0161ina vienm\u0113r\u012bgu temperat\u016bru no 400 \u00b0 F l\u012bdz 700 \u00b0 F bez piep\u016bles &#8211; pat stundu laik\u0101 &#8211; vienlaikus \u013caujot gril\u0113t\u0101jiem viegli redz\u0113t un uzraudz\u012bt savu picu vai citu ceptas preces, kam\u0113r t\u0101s gatavo. \u012apa\u0161i kamado Joe siltuma deflektoru un Kamado Joe Pizza Stone balsti nodro\u0161ina optim\u0101lu att\u0101lumu starp tiem, garant\u0113jot nevainojamu garozu un krauk\u0161\u0137\u012bgus virsk\u0101rtas. Lai ieg\u016btu izcilu picu gatavo\u0161anas pieredzi, iesak\u0101m izmantot ar\u012b piederumu Pizza Cutter.<\/p>\n<p>Lietais alum\u012bnija gredzens<br \/>\nKeramikas picas akmens<br \/>\nDer Kamado Joe Classic un Big Joe mode\u013ciem<\/p>\n","protected":false},"featured_media":1012,"comment_status":"open","ping_status":"closed","template":"","meta":[],"pwb-brand":[149],"product_brand":[],"product_cat":[133,48,67],"product_tag":[136,78,134],"class_list":{"0":"post-1014","1":"product","2":"type-product","3":"status-publish","4":"has-post-thumbnail","6":"pwb-brand-kamado-joe","7":"product_cat-kamado-joe-piederumi","8":"product_cat-kokoglu-grili","9":"product_cat-picai","10":"product_tag-dojoe","11":"product_tag-kamado-joe","12":"product_tag-picai","13":"thunk-woo-product-list","14":"opn-qv-enable","15":"open-woo-hover-none","16":"open-single-product-tab-horizontal","17":"open-shadow-","18":"open-shadow-hover-","20":"first","21":"onbackorder","22":"taxable","23":"shipping-taxable","24":"purchasable","25":"product-type-simple"},"jetpack-related-posts":[],"jetpack_sharing_enabled":true,"brands":[{"id":149,"name":"Kamado Joe","slug":"kamado-joe"}],"_links":{"self":[{"href":"https:\/\/grillhouse.lv\/veikals\/wp-json\/wp\/v2\/product\/1014","targetHints":{"allow":["GET"]}}],"collection":[{"href":"https:\/\/grillhouse.lv\/veikals\/wp-json\/wp\/v2\/product"}],"about":[{"href":"https:\/\/grillhouse.lv\/veikals\/wp-json\/wp\/v2\/types\/product"}],"replies":[{"embeddable":true,"href":"https:\/\/grillhouse.lv\/veikals\/wp-json\/wp\/v2\/comments?post=1014"}],"wp:featuredmedia":[{"embeddable":true,"href":"https:\/\/grillhouse.lv\/veikals\/wp-json\/wp\/v2\/media\/1012"}],"wp:attachment":[{"href":"https:\/\/grillhouse.lv\/veikals\/wp-json\/wp\/v2\/media?parent=1014"}],"wp:term":[{"taxonomy":"pwb-brand","embeddable":true,"href":"https:\/\/grillhouse.lv\/veikals\/wp-json\/wp\/v2\/pwb-brand?post=1014"},{"taxonomy":"product_brand","embeddable":true,"href":"https:\/\/grillhouse.lv\/veikals\/wp-json\/wp\/v2\/product_brand?post=1014"},{"taxonomy":"product_cat","embeddable":true,"href":"https:\/\/grillhouse.lv\/veikals\/wp-json\/wp\/v2\/product_cat?post=1014"},{"taxonomy":"product_tag","embeddable":true,"href":"https:\/\/grillhouse.lv\/veikals\/wp-json\/wp\/v2\/product_tag?post=1014"}],"curies":[{"name":"wp","href":"https:\/\/api.w.org\/{rel}","templated":true}]}}