{"id":245,"date":"2020-07-13T08:20:57","date_gmt":"2020-07-13T05:20:57","guid":{"rendered":"http:\/\/grillhouse.lv\/veikals\/?page_id=245"},"modified":"2020-11-09T18:50:24","modified_gmt":"2020-11-09T16:50:24","slug":"noma","status":"publish","type":"page","link":"https:\/\/grillhouse.lv\/veikals\/noma\/","title":{"rendered":"Grilu noma"},"content":{"rendered":"<p><img data-recalc-dims=\"1\" loading=\"lazy\" decoding=\"async\" class=\"alignleft\" src=\"https:\/\/i0.wp.com\/grillhouse.lv\/veikals\/wp-content\/uploads\/2020\/09\/oc-100.png?resize=169%2C169&#038;ssl=1\" width=\"169\" height=\"169\" \/><\/p>\n<div>\n<p>&nbsp;<\/p>\n<p>OFYR 100\/100 malkas grils<\/p>\n<p>Cena: 100 eur \/ par diennakti<\/p>\n<\/div>\n<p>N\u0101kamaj\u0101m dien\u0101m tiek piem\u0113rota 50% atlaide<\/p>\n<p>&nbsp;<\/p>\n<p>&nbsp;<\/p>\n<div>\n<p><img data-recalc-dims=\"1\" loading=\"lazy\" decoding=\"async\" class=\"alignleft\" src=\"https:\/\/i0.wp.com\/grillhouse.lv\/veikals\/wp-content\/uploads\/2020\/09\/ocs-85-1.png?resize=169%2C169&#038;ssl=1\" width=\"169\" height=\"169\" \/><\/p>\n<p>OFYR 85\/100 malkas grils<\/p>\n<\/div>\n<p>Cena: 85 eur \/ par diennakti<\/p>\n<p>N\u0101kamaj\u0101m dien\u0101m tiek piem\u0113rota 50% atlaide<\/p>\n<p>&nbsp;<\/p>\n<p>&nbsp;<\/p>\n<p><img data-recalc-dims=\"1\" loading=\"lazy\" decoding=\"async\" class=\"size-medium wp-image-755 alignleft\" src=\"https:\/\/i0.wp.com\/grillhouse.lv\/veikals\/wp-content\/uploads\/2020\/11\/iesms.png?resize=169%2C169&#038;ssl=1\" alt=\"\" width=\"169\" height=\"169\" srcset=\"https:\/\/i0.wp.com\/grillhouse.lv\/veikals\/wp-content\/uploads\/2020\/11\/iesms.png?resize=300%2C300&amp;ssl=1 300w, https:\/\/i0.wp.com\/grillhouse.lv\/veikals\/wp-content\/uploads\/2020\/11\/iesms.png?resize=150%2C150&amp;ssl=1 150w, https:\/\/i0.wp.com\/grillhouse.lv\/veikals\/wp-content\/uploads\/2020\/11\/iesms.png?resize=320%2C320&amp;ssl=1 320w, https:\/\/i0.wp.com\/grillhouse.lv\/veikals\/wp-content\/uploads\/2020\/11\/iesms.png?resize=100%2C100&amp;ssl=1 100w, https:\/\/i0.wp.com\/grillhouse.lv\/veikals\/wp-content\/uploads\/2020\/11\/iesms.png?w=400&amp;ssl=1 400w\" sizes=\"auto, (max-width: 169px) 100vw, 169px\" \/>Grils ar iesmu siv\u0113na \/ j\u0113ra pagatavo\u0161anai<\/p>\n<p>Cena: 60 eur \/ par diennakti<\/p>\n<p>N\u0101kamaj\u0101m dien\u0101m tiek piem\u0113rota 50% atlaide<\/p>\n<p>&nbsp;<\/p>\n<p>&nbsp;<\/p>\n<p>&nbsp;<\/p>\n<div>\n<p><img data-recalc-dims=\"1\" loading=\"lazy\" decoding=\"async\" class=\"alignleft\" src=\"https:\/\/i0.wp.com\/grillhouse.lv\/veikals\/wp-content\/uploads\/2020\/07\/keg-5000.jpeg?resize=169%2C169&#038;ssl=1\" width=\"169\" height=\"169\" \/><\/p>\n<p>BroilKing KEG 5000 kokog\u013cu grils<\/p>\n<p>Cena: 60 eur \/ par diennakti<\/p>\n<\/div>\n<p>N\u0101kamaj\u0101m dien\u0101m tiek piem\u0113rota 50% atlaide<\/p>\n<p>&nbsp;<\/p>\n<div>\n<p>&nbsp;<\/p>\n<\/div>\n<div>\n<p><img data-recalc-dims=\"1\" loading=\"lazy\" decoding=\"async\" class=\"size-medium wp-image-686 alignleft\" src=\"https:\/\/i0.wp.com\/grillhouse.lv\/veikals\/wp-content\/uploads\/2020\/10\/MB20040220_Product_Image_700x700.jpg?resize=169%2C169&#038;ssl=1\" alt=\"\" width=\"169\" height=\"169\" srcset=\"https:\/\/i0.wp.com\/grillhouse.lv\/veikals\/wp-content\/uploads\/2020\/10\/MB20040220_Product_Image_700x700.jpg?resize=300%2C300&amp;ssl=1 300w, https:\/\/i0.wp.com\/grillhouse.lv\/veikals\/wp-content\/uploads\/2020\/10\/MB20040220_Product_Image_700x700.jpg?w=400&amp;ssl=1 400w\" sizes=\"auto, (max-width: 169px) 100vw, 169px\" \/><\/p>\n<p>Masterbuilt Gravity 560 kokog\u013cu grils<\/p>\n<p>Cena: 60 eur \/ par diennakti<\/p>\n<\/div>\n<p>N\u0101kamaj\u0101m dien\u0101m tiek piem\u0113rota 50% atlaide<\/p>\n<div>\n<p>&nbsp;<\/p>\n<\/div>\n<div>\n<p>&nbsp;<\/p>\n<p>&nbsp;<\/p>\n<\/div>\n<div>\n<p><img data-recalc-dims=\"1\" loading=\"lazy\" decoding=\"async\" class=\"alignleft\" src=\"https:\/\/i0.wp.com\/grillhouse.lv\/veikals\/wp-content\/uploads\/2020\/07\/outdoorchef-p420-e.jpeg?resize=169%2C169&#038;ssl=1\" width=\"169\" height=\"169\" \/><\/p>\n<p>Outdoorchef Minichef e-420 elektriskais grils<\/p>\n<\/div>\n<div>\n<p>Cena: 25 eur \/ par diennakti<\/p>\n<p>N\u0101kamaj\u0101m dien\u0101m tiek piem\u0113rota 50% atlaide<\/p>\n<p>&nbsp;<\/p>\n<p>&nbsp;<\/p>\n<\/div>\n<div>\n<p><img data-recalc-dims=\"1\" loading=\"lazy\" decoding=\"async\" class=\"size-medium wp-image-742 alignleft\" src=\"https:\/\/i0.wp.com\/grillhouse.lv\/veikals\/wp-content\/uploads\/2020\/11\/pro-series-22-bronze-pellet-grill-traeger-grills.png?resize=169%2C169&#038;ssl=1\" alt=\"\" width=\"169\" height=\"169\" srcset=\"https:\/\/i0.wp.com\/grillhouse.lv\/veikals\/wp-content\/uploads\/2020\/11\/pro-series-22-bronze-pellet-grill-traeger-grills.png?resize=300%2C300&amp;ssl=1 300w, https:\/\/i0.wp.com\/grillhouse.lv\/veikals\/wp-content\/uploads\/2020\/11\/pro-series-22-bronze-pellet-grill-traeger-grills.png?resize=150%2C150&amp;ssl=1 150w, https:\/\/i0.wp.com\/grillhouse.lv\/veikals\/wp-content\/uploads\/2020\/11\/pro-series-22-bronze-pellet-grill-traeger-grills.png?resize=320%2C320&amp;ssl=1 320w, https:\/\/i0.wp.com\/grillhouse.lv\/veikals\/wp-content\/uploads\/2020\/11\/pro-series-22-bronze-pellet-grill-traeger-grills.png?resize=400%2C400&amp;ssl=1 400w, https:\/\/i0.wp.com\/grillhouse.lv\/veikals\/wp-content\/uploads\/2020\/11\/pro-series-22-bronze-pellet-grill-traeger-grills.png?resize=100%2C100&amp;ssl=1 100w, https:\/\/i0.wp.com\/grillhouse.lv\/veikals\/wp-content\/uploads\/2020\/11\/pro-series-22-bronze-pellet-grill-traeger-grills.png?w=500&amp;ssl=1 500w\" sizes=\"auto, (max-width: 169px) 100vw, 169px\" \/><\/p>\n<p>Traeger Pro Series 22 granulu grils<\/p>\n<p>Cena: 50 eur \/ par diennakti<\/p>\n<\/div>\n<p>N\u0101kamaj\u0101m dien\u0101m tiek piem\u0113rota 50% atlaide<\/p>\n<p>&nbsp;<\/p>\n<p>&nbsp;<\/p>\n<div>\n<p><img data-recalc-dims=\"1\" loading=\"lazy\" decoding=\"async\" class=\"size-medium wp-image-743 alignleft\" src=\"https:\/\/i0.wp.com\/grillhouse.lv\/veikals\/wp-content\/uploads\/2020\/11\/pro-series-34-bronze-pellet-grill-traeger-grills.png?resize=169%2C169&#038;ssl=1\" alt=\"\" width=\"169\" height=\"169\" srcset=\"https:\/\/i0.wp.com\/grillhouse.lv\/veikals\/wp-content\/uploads\/2020\/11\/pro-series-34-bronze-pellet-grill-traeger-grills.png?resize=300%2C300&amp;ssl=1 300w, https:\/\/i0.wp.com\/grillhouse.lv\/veikals\/wp-content\/uploads\/2020\/11\/pro-series-34-bronze-pellet-grill-traeger-grills.png?resize=150%2C150&amp;ssl=1 150w, https:\/\/i0.wp.com\/grillhouse.lv\/veikals\/wp-content\/uploads\/2020\/11\/pro-series-34-bronze-pellet-grill-traeger-grills.png?resize=320%2C320&amp;ssl=1 320w, https:\/\/i0.wp.com\/grillhouse.lv\/veikals\/wp-content\/uploads\/2020\/11\/pro-series-34-bronze-pellet-grill-traeger-grills.png?resize=400%2C400&amp;ssl=1 400w, https:\/\/i0.wp.com\/grillhouse.lv\/veikals\/wp-content\/uploads\/2020\/11\/pro-series-34-bronze-pellet-grill-traeger-grills.png?resize=100%2C100&amp;ssl=1 100w, https:\/\/i0.wp.com\/grillhouse.lv\/veikals\/wp-content\/uploads\/2020\/11\/pro-series-34-bronze-pellet-grill-traeger-grills.png?w=500&amp;ssl=1 500w\" sizes=\"auto, (max-width: 169px) 100vw, 169px\" \/><\/p>\n<p>Traeger Pro Series 34 granulu grils<\/p>\n<p>Cena: 60 eur \/ par diennakti<\/p>\n<\/div>\n<p>N\u0101kamaj\u0101m dien\u0101m tiek piem\u0113rota 50% atlaide<\/p>\n<p>&nbsp;<\/p>\n<p>&nbsp;<\/p>\n<div>\n<p><img data-recalc-dims=\"1\" loading=\"lazy\" decoding=\"async\" class=\"size-medium wp-image-745 alignleft\" src=\"https:\/\/i0.wp.com\/grillhouse.lv\/veikals\/wp-content\/uploads\/2020\/11\/ironwood-1.jpg?resize=169%2C169&#038;ssl=1\" alt=\"\" width=\"169\" height=\"169\" srcset=\"https:\/\/i0.wp.com\/grillhouse.lv\/veikals\/wp-content\/uploads\/2020\/11\/ironwood-1.jpg?resize=300%2C300&amp;ssl=1 300w, https:\/\/i0.wp.com\/grillhouse.lv\/veikals\/wp-content\/uploads\/2020\/11\/ironwood-1.jpg?resize=150%2C150&amp;ssl=1 150w, https:\/\/i0.wp.com\/grillhouse.lv\/veikals\/wp-content\/uploads\/2020\/11\/ironwood-1.jpg?resize=320%2C320&amp;ssl=1 320w, https:\/\/i0.wp.com\/grillhouse.lv\/veikals\/wp-content\/uploads\/2020\/11\/ironwood-1.jpg?resize=400%2C400&amp;ssl=1 400w, https:\/\/i0.wp.com\/grillhouse.lv\/veikals\/wp-content\/uploads\/2020\/11\/ironwood-1.jpg?resize=100%2C100&amp;ssl=1 100w, https:\/\/i0.wp.com\/grillhouse.lv\/veikals\/wp-content\/uploads\/2020\/11\/ironwood-1.jpg?w=600&amp;ssl=1 600w\" sizes=\"auto, (max-width: 169px) 100vw, 169px\" \/><\/p>\n<p>Traeger Ironwood 885 granulu grils<\/p>\n<p>Cena: 60 eur \/ par diennakti<\/p>\n<\/div>\n<div>\n<p>N\u0101kamaj\u0101m dien\u0101m tiek piem\u0113rota 50% atlaide<\/p>\n<\/div>\n","protected":false},"excerpt":{"rendered":"<p>&nbsp; OFYR 100\/100 malkas grils Cena: 100 eur \/ par diennakti N\u0101kamaj\u0101m dien\u0101m tiek piem\u0113rota 50% atlaide &nbsp; &nbsp; OFYR 85\/100 malkas grils Cena: 85 eur \/ par diennakti N\u0101kamaj\u0101m dien\u0101m tiek piem\u0113rota 50% atlaide &nbsp; &nbsp; Grils ar iesmu siv\u0113na \/ j\u0113ra pagatavo\u0161anai Cena: 60 eur \/ par diennakti N\u0101kamaj\u0101m dien\u0101m tiek piem\u0113rota 50% &hellip;<\/p>\n<p class=\"read-more\"> <a class=\" thunk-readmore button \" href=\"https:\/\/grillhouse.lv\/veikals\/noma\/\"> <span class=\"screen-reader-text\">Grilu noma<\/span>Las\u012bt t\u0101l\u0101k<\/a><\/p>\n","protected":false},"author":1,"featured_media":0,"parent":0,"menu_order":0,"comment_status":"closed","ping_status":"closed","template":"","meta":{"footnotes":""},"class_list":["post-245","page","type-page","status-publish","hentry","thunk-woo-product-list","opn-qv-enable","open-woo-hover-none","open-single-product-tab-horizontal","open-shadow-","open-shadow-hover-"],"jetpack-related-posts":[],"jetpack_sharing_enabled":true,"_links":{"self":[{"href":"https:\/\/grillhouse.lv\/veikals\/wp-json\/wp\/v2\/pages\/245","targetHints":{"allow":["GET"]}}],"collection":[{"href":"https:\/\/grillhouse.lv\/veikals\/wp-json\/wp\/v2\/pages"}],"about":[{"href":"https:\/\/grillhouse.lv\/veikals\/wp-json\/wp\/v2\/types\/page"}],"author":[{"embeddable":true,"href":"https:\/\/grillhouse.lv\/veikals\/wp-json\/wp\/v2\/users\/1"}],"replies":[{"embeddable":true,"href":"https:\/\/grillhouse.lv\/veikals\/wp-json\/wp\/v2\/comments?post=245"}],"version-history":[{"count":0,"href":"https:\/\/grillhouse.lv\/veikals\/wp-json\/wp\/v2\/pages\/245\/revisions"}],"wp:attachment":[{"href":"https:\/\/grillhouse.lv\/veikals\/wp-json\/wp\/v2\/media?parent=245"}],"curies":[{"name":"wp","href":"https:\/\/api.w.org\/{rel}","templated":true}]}}