{"id":194,"date":"2020-07-12T22:21:27","date_gmt":"2020-07-12T19:21:27","guid":{"rendered":"http:\/\/grillhouse.lv\/veikals\/?page_id=194"},"modified":"2025-04-30T18:04:35","modified_gmt":"2025-04-30T15:04:35","slug":"par-mums","status":"publish","type":"page","link":"https:\/\/grillhouse.lv\/veikals\/par-mums\/","title":{"rendered":"Par mums"},"content":{"rendered":"<p>Ar grilu tirdzniec\u012bbu nodarbojamies kop\u0161 2014.gada. K\u0101 pirmie bija Kan\u0101das BroilKing g\u0101zes grili, bet nu jau m\u016bsu kl\u0101st\u0101 ir ar\u012b kermakiskie grili, malkas grili, granulu grili, k\u016bpin\u0101tavas un daudz kas cits.<\/p>\n<p>Liel\u0101ko da\u013cu iek\u0101rtu, ko tirgojam, esam ar\u012b pa\u0161i izm\u0113\u0123in\u0101ju\u0161i un gatavojam pas\u0101kumos. T\u0101p\u0113c pal\u012bdz\u0113sim Jums atrast lab\u0101ko risin\u0101jumu gril\u0113\u0161anai.<\/p>\n<p>Veicam ar\u012b grilu apkopes un remontu.<\/p>\n<hr \/>\n<p>M\u016bsu kl\u0101st\u0101 ir daudzi pasaul\u0113 zin\u0101mi z\u012bmoli:<br \/>\nWeber &#8211; g\u0101zes, og\u013cu, granulu grili no ASV<br \/>\nBroilKing\u00a0&#8211; ASV un Kan\u0101d\u0101 ra\u017eoti g\u0101zes grili,<br \/>\nOutdoorchef\u00a0&#8211; g\u0101zes, og\u013cu un elektriskie grili no \u0160veices<br \/>\nTraeger\u00a0&#8211; vado\u0161ais granulu grilu ra\u017eot\u0101js no ASV<br \/>\nBorniak\u00a0&#8211; automatiz\u0113t\u0101s k\u016bpin\u0101tavs no Polijas<br \/>\nMasterbuilt &#8211; ASV ra\u017eoti og\u013cu grili un k\u016bpin\u0101tavas<br \/>\nMuurika\u00a0&#8211; elektrisk\u0101s k\u016bpin\u0101tavas un piederumi no Somijas<br \/>\nOFYR\u00a0&#8211; N\u012bderland\u0113 ra\u017eotie malkas grili<br \/>\nKamado Joe\u00a0&#8211; Amerik\u0101\u0146u keramiskie grili<\/p>\n<hr \/>\n<p>UZ\u0145\u0112MUMA REKVIZ\u012aTI:<br \/>\nNosaukums: NordSide SIA<br \/>\nVNR: LV40103751105<br \/>\nJuridisk\u0101 adrese: Saulgo\u017eu iela 27 k4-18, R\u012bga, LV-1055<br \/>\nVeikala adrese: Sporta iela 2, R\u012bga, LV-1013 (Ieeja no Hanzas ielas puses)<br \/>\nBanka: Swedbank AS<br \/>\nBankas kods: HABALV22<br \/>\nKonta numurs: LV07HABA0551037981696<\/p>\n","protected":false},"excerpt":{"rendered":"<p>Ar grilu tirdzniec\u012bbu nodarbojamies kop\u0161 2014.gada. K\u0101 pirmie bija Kan\u0101das BroilKing g\u0101zes grili, bet nu jau m\u016bsu kl\u0101st\u0101 ir ar\u012b kermakiskie grili, malkas grili, granulu grili, k\u016bpin\u0101tavas un daudz kas cits. Liel\u0101ko da\u013cu iek\u0101rtu, ko tirgojam, esam ar\u012b pa\u0161i izm\u0113\u0123in\u0101ju\u0161i un gatavojam pas\u0101kumos. T\u0101p\u0113c pal\u012bdz\u0113sim Jums atrast lab\u0101ko risin\u0101jumu gril\u0113\u0161anai. Veicam ar\u012b grilu apkopes un &hellip;<\/p>\n<p class=\"read-more\"> <a class=\" thunk-readmore button \" href=\"https:\/\/grillhouse.lv\/veikals\/par-mums\/\"> <span class=\"screen-reader-text\">Par mums<\/span>Las\u012bt t\u0101l\u0101k<\/a><\/p>\n","protected":false},"author":1,"featured_media":0,"parent":0,"menu_order":8,"comment_status":"closed","ping_status":"closed","template":"","meta":{"footnotes":""},"class_list":["post-194","page","type-page","status-publish","hentry","thunk-woo-product-list","opn-qv-enable","open-woo-hover-none","open-single-product-tab-horizontal","open-shadow-","open-shadow-hover-"],"jetpack-related-posts":[],"jetpack_sharing_enabled":true,"_links":{"self":[{"href":"https:\/\/grillhouse.lv\/veikals\/wp-json\/wp\/v2\/pages\/194","targetHints":{"allow":["GET"]}}],"collection":[{"href":"https:\/\/grillhouse.lv\/veikals\/wp-json\/wp\/v2\/pages"}],"about":[{"href":"https:\/\/grillhouse.lv\/veikals\/wp-json\/wp\/v2\/types\/page"}],"author":[{"embeddable":true,"href":"https:\/\/grillhouse.lv\/veikals\/wp-json\/wp\/v2\/users\/1"}],"replies":[{"embeddable":true,"href":"https:\/\/grillhouse.lv\/veikals\/wp-json\/wp\/v2\/comments?post=194"}],"version-history":[{"count":4,"href":"https:\/\/grillhouse.lv\/veikals\/wp-json\/wp\/v2\/pages\/194\/revisions"}],"predecessor-version":[{"id":1621,"href":"https:\/\/grillhouse.lv\/veikals\/wp-json\/wp\/v2\/pages\/194\/revisions\/1621"}],"wp:attachment":[{"href":"https:\/\/grillhouse.lv\/veikals\/wp-json\/wp\/v2\/media?parent=194"}],"curies":[{"name":"wp","href":"https:\/\/api.w.org\/{rel}","templated":true}]}}